{"id":5764,"date":"2024-07-02T15:21:19","date_gmt":"2024-07-02T12:21:19","guid":{"rendered":"https:\/\/www.hils.ro\/brauner\/?page_id=5764"},"modified":"2026-01-22T14:47:27","modified_gmt":"2026-01-22T12:47:27","slug":"finisaje","status":"publish","type":"page","link":"https:\/\/hils.ro\/titanium\/finisaje\/","title":{"rendered":"Finisaje &#8211; Specifica\u021bii tehnice"},"content":{"rendered":"<h1>Specifica\u021bii tehnice<\/h1>\n<p>Lucr\u0103m cu furnizori de \u00eencredere \u0219i alegem atent materiale de calitate, pentru a-\u021bi oferi un apartament confortabil \u0219i durabil, \u00een care s\u0103 te sim\u021bi cu adev\u0103rat acas\u0103.<\/p>\n<div class=\"cta_hero\"><a class=\"vezi_apartamente\" style=\"color: #fff;\" href=\"https:\/\/hils.ro\/titanium\/apartamente\/\">VEZI APARTAMENTELE<\/a> <a id=\"btn_solicita_oferta\" style=\"color: #fff; background: #00BEF2; font-size: 14px; font-style: normal; font-weight: 500; margin-left: 30px; padding: 9px 20px;\" href=\"#contact\">SOLICIT\u0102 O OFERT\u0102<\/a><\/div>\n","protected":false},"excerpt":{"rendered":"<p>Specifica\u021bii tehnice Lucr\u0103m cu furnizori de \u00eencredere \u0219i alegem atent materiale de calitate, pentru a-\u021bi oferi un apartament confortabil \u0219i durabil, \u00een care s\u0103 te sim\u021bi cu adev\u0103rat acas\u0103. VEZI APARTAMENTELE SOLICIT\u0102 O OFERT\u0102<\/p>\n","protected":false},"author":13,"featured_media":9112,"parent":0,"menu_order":0,"comment_status":"closed","ping_status":"closed","template":"template-specificatii.php","meta":{"_acf_changed":false,"footnotes":""},"class_list":["post-5764","page","type-page","status-publish","has-post-thumbnail","hentry"],"acf":[],"yoast_head":"<!-- This site is optimized with the Yoast SEO plugin v27.3 - https:\/\/yoast.com\/product\/yoast-seo-wordpress\/ -->\n<title>Finisaje - Specifica\u021bii tehnice - HILS Titanium<\/title>\n<meta name=\"description\" content=\"Descoper\u0103 finisajele din apartamentele HILS Titanium. Design modern, materiale de calitate \u0219i aten\u021bie la detalii. Sector 3, zona Pallady.\" \/>\n<meta name=\"robots\" content=\"index, follow, max-snippet:-1, max-image-preview:large, max-video-preview:-1\" \/>\n<link rel=\"canonical\" href=\"https:\/\/hils.ro\/titanium\/finisaje\/\" \/>\n<meta property=\"og:locale\" content=\"ro_RO\" \/>\n<meta property=\"og:type\" content=\"article\" \/>\n<meta property=\"og:title\" content=\"Finisaje - Specifica\u021bii tehnice - HILS Titanium\" \/>\n<meta property=\"og:description\" content=\"Descoper\u0103 finisajele din apartamentele HILS Titanium. Design modern, materiale de calitate \u0219i aten\u021bie la detalii. Sector 3, zona Pallady.\" \/>\n<meta property=\"og:url\" content=\"https:\/\/hils.ro\/titanium\/finisaje\/\" \/>\n<meta property=\"og:site_name\" content=\"HILS Titanium\" \/>\n<meta property=\"article:publisher\" content=\"https:\/\/www.facebook.com\/hils.development\/\" \/>\n<meta property=\"article:modified_time\" content=\"2026-01-22T12:47:27+00:00\" \/>\n<meta property=\"og:image\" content=\"https:\/\/hils.ro\/titanium\/wp-content\/uploads\/2025\/01\/Group-53-4.jpg\" \/>\n\t<meta property=\"og:image:width\" content=\"1920\" \/>\n\t<meta property=\"og:image:height\" content=\"800\" \/>\n\t<meta property=\"og:image:type\" content=\"image\/jpeg\" \/>\n<meta name=\"twitter:card\" content=\"summary_large_image\" \/>\n<meta name=\"twitter:title\" content=\"Finisaje - Specifica\u021bii tehnice - HILS Titanium\" \/>\n<meta name=\"twitter:description\" content=\"Descoper\u0103 finisajele din apartamentele HILS Titanium. Design modern, materiale de calitate \u0219i aten\u021bie la detalii. Sector 3, zona Pallady.\" \/>\n<meta name=\"twitter:label1\" content=\"Timp estimat pentru citire\" \/>\n\t<meta name=\"twitter:data1\" content=\"1 minut\" \/>\n<script type=\"application\/ld+json\" class=\"yoast-schema-graph\">{\"@context\":\"https:\\\/\\\/schema.org\",\"@graph\":[{\"@type\":\"WebPage\",\"@id\":\"https:\\\/\\\/hils.ro\\\/titanium\\\/finisaje\\\/\",\"url\":\"https:\\\/\\\/hils.ro\\\/titanium\\\/finisaje\\\/\",\"name\":\"Finisaje - Specifica\u021bii tehnice - HILS Titanium\",\"isPartOf\":{\"@id\":\"https:\\\/\\\/hils.ro\\\/titanium\\\/#website\"},\"primaryImageOfPage\":{\"@id\":\"https:\\\/\\\/hils.ro\\\/titanium\\\/finisaje\\\/#primaryimage\"},\"image\":{\"@id\":\"https:\\\/\\\/hils.ro\\\/titanium\\\/finisaje\\\/#primaryimage\"},\"thumbnailUrl\":\"https:\\\/\\\/hils.ro\\\/titanium\\\/wp-content\\\/uploads\\\/2025\\\/01\\\/Group-53-4.jpg\",\"datePublished\":\"2024-07-02T12:21:19+00:00\",\"dateModified\":\"2026-01-22T12:47:27+00:00\",\"description\":\"Descoper\u0103 finisajele din apartamentele HILS Titanium. Design modern, materiale de calitate \u0219i aten\u021bie la detalii. Sector 3, zona Pallady.\",\"breadcrumb\":{\"@id\":\"https:\\\/\\\/hils.ro\\\/titanium\\\/finisaje\\\/#breadcrumb\"},\"inLanguage\":\"ro-RO\",\"potentialAction\":[{\"@type\":\"ReadAction\",\"target\":[\"https:\\\/\\\/hils.ro\\\/titanium\\\/finisaje\\\/\"]}]},{\"@type\":\"ImageObject\",\"inLanguage\":\"ro-RO\",\"@id\":\"https:\\\/\\\/hils.ro\\\/titanium\\\/finisaje\\\/#primaryimage\",\"url\":\"https:\\\/\\\/hils.ro\\\/titanium\\\/wp-content\\\/uploads\\\/2025\\\/01\\\/Group-53-4.jpg\",\"contentUrl\":\"https:\\\/\\\/hils.ro\\\/titanium\\\/wp-content\\\/uploads\\\/2025\\\/01\\\/Group-53-4.jpg\",\"width\":1920,\"height\":800,\"caption\":\"HILS Titanium complex rezidential zona Pallady\"},{\"@type\":\"BreadcrumbList\",\"@id\":\"https:\\\/\\\/hils.ro\\\/titanium\\\/finisaje\\\/#breadcrumb\",\"itemListElement\":[{\"@type\":\"ListItem\",\"position\":1,\"name\":\"Home\",\"item\":\"https:\\\/\\\/hils.ro\\\/titanium\\\/\"},{\"@type\":\"ListItem\",\"position\":2,\"name\":\"Finisaje &#8211; Specifica\u021bii tehnice\"}]},{\"@type\":\"WebSite\",\"@id\":\"https:\\\/\\\/hils.ro\\\/titanium\\\/#website\",\"url\":\"https:\\\/\\\/hils.ro\\\/titanium\\\/\",\"name\":\"HILS Titanium\",\"description\":\"Apartamente noi sector 3 HILS Titanium, zona Pallady\",\"publisher\":{\"@id\":\"https:\\\/\\\/hils.ro\\\/titanium\\\/#organization\"},\"potentialAction\":[{\"@type\":\"SearchAction\",\"target\":{\"@type\":\"EntryPoint\",\"urlTemplate\":\"https:\\\/\\\/hils.ro\\\/titanium\\\/?s={search_term_string}\"},\"query-input\":{\"@type\":\"PropertyValueSpecification\",\"valueRequired\":true,\"valueName\":\"search_term_string\"}}],\"inLanguage\":\"ro-RO\"},{\"@type\":\"Organization\",\"@id\":\"https:\\\/\\\/hils.ro\\\/titanium\\\/#organization\",\"name\":\"HILS Titanium\",\"url\":\"https:\\\/\\\/hils.ro\\\/titanium\\\/\",\"logo\":{\"@type\":\"ImageObject\",\"inLanguage\":\"ro-RO\",\"@id\":\"https:\\\/\\\/hils.ro\\\/titanium\\\/#\\\/schema\\\/logo\\\/image\\\/\",\"url\":\"https:\\\/\\\/hils.ro\\\/titanium\\\/wp-content\\\/uploads\\\/2025\\\/11\\\/HILS-Titanium.svg\",\"contentUrl\":\"https:\\\/\\\/hils.ro\\\/titanium\\\/wp-content\\\/uploads\\\/2025\\\/11\\\/HILS-Titanium.svg\",\"width\":600,\"height\":200,\"caption\":\"HILS Titanium\"},\"image\":{\"@id\":\"https:\\\/\\\/hils.ro\\\/titanium\\\/#\\\/schema\\\/logo\\\/image\\\/\"},\"sameAs\":[\"https:\\\/\\\/www.facebook.com\\\/hils.development\\\/\"]}]}<\/script>\n<!-- \/ Yoast SEO plugin. -->","yoast_head_json":{"title":"Finisaje - Specifica\u021bii tehnice - HILS Titanium","description":"Descoper\u0103 finisajele din apartamentele HILS Titanium. Design modern, materiale de calitate \u0219i aten\u021bie la detalii. Sector 3, zona Pallady.","robots":{"index":"index","follow":"follow","max-snippet":"max-snippet:-1","max-image-preview":"max-image-preview:large","max-video-preview":"max-video-preview:-1"},"canonical":"https:\/\/hils.ro\/titanium\/finisaje\/","og_locale":"ro_RO","og_type":"article","og_title":"Finisaje - Specifica\u021bii tehnice - HILS Titanium","og_description":"Descoper\u0103 finisajele din apartamentele HILS Titanium. Design modern, materiale de calitate \u0219i aten\u021bie la detalii. Sector 3, zona Pallady.","og_url":"https:\/\/hils.ro\/titanium\/finisaje\/","og_site_name":"HILS Titanium","article_publisher":"https:\/\/www.facebook.com\/hils.development\/","article_modified_time":"2026-01-22T12:47:27+00:00","og_image":[{"width":1920,"height":800,"url":"https:\/\/hils.ro\/titanium\/wp-content\/uploads\/2025\/01\/Group-53-4.jpg","type":"image\/jpeg"}],"twitter_card":"summary_large_image","twitter_title":"Finisaje - Specifica\u021bii tehnice - HILS Titanium","twitter_description":"Descoper\u0103 finisajele din apartamentele HILS Titanium. Design modern, materiale de calitate \u0219i aten\u021bie la detalii. Sector 3, zona Pallady.","twitter_misc":{"Timp estimat pentru citire":"1 minut"},"schema":{"@context":"https:\/\/schema.org","@graph":[{"@type":"WebPage","@id":"https:\/\/hils.ro\/titanium\/finisaje\/","url":"https:\/\/hils.ro\/titanium\/finisaje\/","name":"Finisaje - Specifica\u021bii tehnice - HILS Titanium","isPartOf":{"@id":"https:\/\/hils.ro\/titanium\/#website"},"primaryImageOfPage":{"@id":"https:\/\/hils.ro\/titanium\/finisaje\/#primaryimage"},"image":{"@id":"https:\/\/hils.ro\/titanium\/finisaje\/#primaryimage"},"thumbnailUrl":"https:\/\/hils.ro\/titanium\/wp-content\/uploads\/2025\/01\/Group-53-4.jpg","datePublished":"2024-07-02T12:21:19+00:00","dateModified":"2026-01-22T12:47:27+00:00","description":"Descoper\u0103 finisajele din apartamentele HILS Titanium. Design modern, materiale de calitate \u0219i aten\u021bie la detalii. Sector 3, zona Pallady.","breadcrumb":{"@id":"https:\/\/hils.ro\/titanium\/finisaje\/#breadcrumb"},"inLanguage":"ro-RO","potentialAction":[{"@type":"ReadAction","target":["https:\/\/hils.ro\/titanium\/finisaje\/"]}]},{"@type":"ImageObject","inLanguage":"ro-RO","@id":"https:\/\/hils.ro\/titanium\/finisaje\/#primaryimage","url":"https:\/\/hils.ro\/titanium\/wp-content\/uploads\/2025\/01\/Group-53-4.jpg","contentUrl":"https:\/\/hils.ro\/titanium\/wp-content\/uploads\/2025\/01\/Group-53-4.jpg","width":1920,"height":800,"caption":"HILS Titanium complex rezidential zona Pallady"},{"@type":"BreadcrumbList","@id":"https:\/\/hils.ro\/titanium\/finisaje\/#breadcrumb","itemListElement":[{"@type":"ListItem","position":1,"name":"Home","item":"https:\/\/hils.ro\/titanium\/"},{"@type":"ListItem","position":2,"name":"Finisaje &#8211; Specifica\u021bii tehnice"}]},{"@type":"WebSite","@id":"https:\/\/hils.ro\/titanium\/#website","url":"https:\/\/hils.ro\/titanium\/","name":"HILS Titanium","description":"Apartamente noi sector 3 HILS Titanium, zona Pallady","publisher":{"@id":"https:\/\/hils.ro\/titanium\/#organization"},"potentialAction":[{"@type":"SearchAction","target":{"@type":"EntryPoint","urlTemplate":"https:\/\/hils.ro\/titanium\/?s={search_term_string}"},"query-input":{"@type":"PropertyValueSpecification","valueRequired":true,"valueName":"search_term_string"}}],"inLanguage":"ro-RO"},{"@type":"Organization","@id":"https:\/\/hils.ro\/titanium\/#organization","name":"HILS Titanium","url":"https:\/\/hils.ro\/titanium\/","logo":{"@type":"ImageObject","inLanguage":"ro-RO","@id":"https:\/\/hils.ro\/titanium\/#\/schema\/logo\/image\/","url":"https:\/\/hils.ro\/titanium\/wp-content\/uploads\/2025\/11\/HILS-Titanium.svg","contentUrl":"https:\/\/hils.ro\/titanium\/wp-content\/uploads\/2025\/11\/HILS-Titanium.svg","width":600,"height":200,"caption":"HILS Titanium"},"image":{"@id":"https:\/\/hils.ro\/titanium\/#\/schema\/logo\/image\/"},"sameAs":["https:\/\/www.facebook.com\/hils.development\/"]}]}},"_links":{"self":[{"href":"https:\/\/hils.ro\/titanium\/wp-json\/wp\/v2\/pages\/5764","targetHints":{"allow":["GET"]}}],"collection":[{"href":"https:\/\/hils.ro\/titanium\/wp-json\/wp\/v2\/pages"}],"about":[{"href":"https:\/\/hils.ro\/titanium\/wp-json\/wp\/v2\/types\/page"}],"author":[{"embeddable":true,"href":"https:\/\/hils.ro\/titanium\/wp-json\/wp\/v2\/users\/13"}],"replies":[{"embeddable":true,"href":"https:\/\/hils.ro\/titanium\/wp-json\/wp\/v2\/comments?post=5764"}],"version-history":[{"count":35,"href":"https:\/\/hils.ro\/titanium\/wp-json\/wp\/v2\/pages\/5764\/revisions"}],"predecessor-version":[{"id":10826,"href":"https:\/\/hils.ro\/titanium\/wp-json\/wp\/v2\/pages\/5764\/revisions\/10826"}],"wp:featuredmedia":[{"embeddable":true,"href":"https:\/\/hils.ro\/titanium\/wp-json\/wp\/v2\/media\/9112"}],"wp:attachment":[{"href":"https:\/\/hils.ro\/titanium\/wp-json\/wp\/v2\/media?parent=5764"}],"curies":[{"name":"wp","href":"https:\/\/api.w.org\/{rel}","templated":true}]}}