{"id":217,"date":"2020-06-05T08:43:55","date_gmt":"2020-06-05T05:43:55","guid":{"rendered":"https:\/\/hils.ro\/?page_id=217"},"modified":"2026-03-19T10:00:44","modified_gmt":"2026-03-19T08:00:44","slug":"galerie","status":"publish","type":"page","link":"https:\/\/hils.ro\/titanium\/galerie\/","title":{"rendered":"Galerie"},"content":{"rendered":"<h1>Galerie<\/h1>\n<p>Exploreaz\u0103 HILS Titanium \u00een imagini &#8211; de la viziune la realitate!<\/p>\n<div class=\"cta_hero\"><a class=\"vezi_apartamente\" style=\"color: #fff;\" href=\"https:\/\/hils.ro\/titanium\/apartamente\/\">VEZI APARTAMENTELE<\/a> <a id=\"btn_solicita_oferta\" style=\"color: #fff; background: #00BEF2; font-size: 14px; font-style: normal; font-weight: 500; margin-left: 30px; padding: 9px 20px;\" href=\"#contact\">SOLICIT\u0102 O OFERT\u0102<\/a><\/div>\n","protected":false},"excerpt":{"rendered":"<p>Galerie Exploreaz\u0103 HILS Titanium \u00een imagini &#8211; de la viziune la realitate! VEZI APARTAMENTELE SOLICIT\u0102 O OFERT\u0102<\/p>\n","protected":false},"author":10,"featured_media":9431,"parent":0,"menu_order":0,"comment_status":"closed","ping_status":"closed","template":"template-galerie.php","meta":{"_acf_changed":false,"footnotes":""},"class_list":["post-217","page","type-page","status-publish","has-post-thumbnail","hentry"],"acf":[],"yoast_head":"<!-- This site is optimized with the Yoast SEO plugin v27.3 - https:\/\/yoast.com\/product\/yoast-seo-wordpress\/ -->\n<title>Galerie - HILS Titanium<\/title>\n<meta name=\"description\" content=\"Exploreaz\u0103 galeria foto &amp; video a complexului HILS Titanium! Vezi progresul \u0219antierului \u0219i cum arat\u0103 apartamentele.\" \/>\n<meta name=\"robots\" content=\"index, follow, max-snippet:-1, max-image-preview:large, max-video-preview:-1\" \/>\n<link rel=\"canonical\" href=\"https:\/\/hils.ro\/titanium\/galerie\/\" \/>\n<meta property=\"og:locale\" content=\"ro_RO\" \/>\n<meta property=\"og:type\" content=\"article\" \/>\n<meta property=\"og:title\" content=\"Galerie - HILS Titanium\" \/>\n<meta property=\"og:description\" content=\"Exploreaz\u0103 galeria foto &amp; video a complexului HILS Titanium! Vezi progresul \u0219antierului \u0219i cum arat\u0103 apartamentele.\" \/>\n<meta property=\"og:url\" content=\"https:\/\/hils.ro\/titanium\/galerie\/\" \/>\n<meta property=\"og:site_name\" content=\"HILS Titanium\" \/>\n<meta property=\"article:publisher\" content=\"https:\/\/www.facebook.com\/hils.development\/\" \/>\n<meta property=\"article:modified_time\" content=\"2026-03-19T08:00:44+00:00\" \/>\n<meta property=\"og:image\" content=\"https:\/\/hils.ro\/titanium\/wp-content\/uploads\/2025\/04\/Cover-TTN_EXT_C03_small.jpg\" \/>\n\t<meta property=\"og:image:width\" content=\"1920\" \/>\n\t<meta property=\"og:image:height\" content=\"800\" \/>\n\t<meta property=\"og:image:type\" content=\"image\/jpeg\" \/>\n<meta name=\"twitter:card\" content=\"summary_large_image\" \/>\n<meta name=\"twitter:title\" content=\"Galerie - HILS Titanium\" \/>\n<meta name=\"twitter:description\" content=\"Exploreaz\u0103 galeria foto &amp; video a complexului HILS Titanium! Vezi progresul \u0219antierului \u0219i cum arat\u0103 apartamentele.\" \/>\n<meta name=\"twitter:image\" content=\"https:\/\/hils.ro\/titanium\/wp-content\/uploads\/2025\/04\/Cover-TTN_EXT_C03_small.jpg\" \/>\n<meta name=\"twitter:label1\" content=\"Timp estimat pentru citire\" \/>\n\t<meta name=\"twitter:data1\" content=\"1 minut\" \/>\n<script type=\"application\/ld+json\" class=\"yoast-schema-graph\">{\"@context\":\"https:\\\/\\\/schema.org\",\"@graph\":[{\"@type\":\"WebPage\",\"@id\":\"https:\\\/\\\/hils.ro\\\/titanium\\\/galerie\\\/\",\"url\":\"https:\\\/\\\/hils.ro\\\/titanium\\\/galerie\\\/\",\"name\":\"Galerie - HILS Titanium\",\"isPartOf\":{\"@id\":\"https:\\\/\\\/hils.ro\\\/titanium\\\/#website\"},\"primaryImageOfPage\":{\"@id\":\"https:\\\/\\\/hils.ro\\\/titanium\\\/galerie\\\/#primaryimage\"},\"image\":{\"@id\":\"https:\\\/\\\/hils.ro\\\/titanium\\\/galerie\\\/#primaryimage\"},\"thumbnailUrl\":\"https:\\\/\\\/hils.ro\\\/titanium\\\/wp-content\\\/uploads\\\/2025\\\/04\\\/Cover-TTN_EXT_C03_small.jpg\",\"datePublished\":\"2020-06-05T05:43:55+00:00\",\"dateModified\":\"2026-03-19T08:00:44+00:00\",\"description\":\"Exploreaz\u0103 galeria foto & video a complexului HILS Titanium! Vezi progresul \u0219antierului \u0219i cum arat\u0103 apartamentele.\",\"breadcrumb\":{\"@id\":\"https:\\\/\\\/hils.ro\\\/titanium\\\/galerie\\\/#breadcrumb\"},\"inLanguage\":\"ro-RO\",\"potentialAction\":[{\"@type\":\"ReadAction\",\"target\":[\"https:\\\/\\\/hils.ro\\\/titanium\\\/galerie\\\/\"]}]},{\"@type\":\"ImageObject\",\"inLanguage\":\"ro-RO\",\"@id\":\"https:\\\/\\\/hils.ro\\\/titanium\\\/galerie\\\/#primaryimage\",\"url\":\"https:\\\/\\\/hils.ro\\\/titanium\\\/wp-content\\\/uploads\\\/2025\\\/04\\\/Cover-TTN_EXT_C03_small.jpg\",\"contentUrl\":\"https:\\\/\\\/hils.ro\\\/titanium\\\/wp-content\\\/uploads\\\/2025\\\/04\\\/Cover-TTN_EXT_C03_small.jpg\",\"width\":1920,\"height\":800,\"caption\":\"HILS Titanium complex rezidential sector 3\"},{\"@type\":\"BreadcrumbList\",\"@id\":\"https:\\\/\\\/hils.ro\\\/titanium\\\/galerie\\\/#breadcrumb\",\"itemListElement\":[{\"@type\":\"ListItem\",\"position\":1,\"name\":\"Home\",\"item\":\"https:\\\/\\\/hils.ro\\\/titanium\\\/\"},{\"@type\":\"ListItem\",\"position\":2,\"name\":\"Galerie\"}]},{\"@type\":\"WebSite\",\"@id\":\"https:\\\/\\\/hils.ro\\\/titanium\\\/#website\",\"url\":\"https:\\\/\\\/hils.ro\\\/titanium\\\/\",\"name\":\"HILS Titanium\",\"description\":\"Apartamente noi sector 3 HILS Titanium, zona Pallady\",\"publisher\":{\"@id\":\"https:\\\/\\\/hils.ro\\\/titanium\\\/#organization\"},\"potentialAction\":[{\"@type\":\"SearchAction\",\"target\":{\"@type\":\"EntryPoint\",\"urlTemplate\":\"https:\\\/\\\/hils.ro\\\/titanium\\\/?s={search_term_string}\"},\"query-input\":{\"@type\":\"PropertyValueSpecification\",\"valueRequired\":true,\"valueName\":\"search_term_string\"}}],\"inLanguage\":\"ro-RO\"},{\"@type\":\"Organization\",\"@id\":\"https:\\\/\\\/hils.ro\\\/titanium\\\/#organization\",\"name\":\"HILS Titanium\",\"url\":\"https:\\\/\\\/hils.ro\\\/titanium\\\/\",\"logo\":{\"@type\":\"ImageObject\",\"inLanguage\":\"ro-RO\",\"@id\":\"https:\\\/\\\/hils.ro\\\/titanium\\\/#\\\/schema\\\/logo\\\/image\\\/\",\"url\":\"https:\\\/\\\/hils.ro\\\/titanium\\\/wp-content\\\/uploads\\\/2025\\\/11\\\/HILS-Titanium.svg\",\"contentUrl\":\"https:\\\/\\\/hils.ro\\\/titanium\\\/wp-content\\\/uploads\\\/2025\\\/11\\\/HILS-Titanium.svg\",\"width\":600,\"height\":200,\"caption\":\"HILS Titanium\"},\"image\":{\"@id\":\"https:\\\/\\\/hils.ro\\\/titanium\\\/#\\\/schema\\\/logo\\\/image\\\/\"},\"sameAs\":[\"https:\\\/\\\/www.facebook.com\\\/hils.development\\\/\"]}]}<\/script>\n<!-- \/ Yoast SEO plugin. -->","yoast_head_json":{"title":"Galerie - HILS Titanium","description":"Exploreaz\u0103 galeria foto & video a complexului HILS Titanium! Vezi progresul \u0219antierului \u0219i cum arat\u0103 apartamentele.","robots":{"index":"index","follow":"follow","max-snippet":"max-snippet:-1","max-image-preview":"max-image-preview:large","max-video-preview":"max-video-preview:-1"},"canonical":"https:\/\/hils.ro\/titanium\/galerie\/","og_locale":"ro_RO","og_type":"article","og_title":"Galerie - HILS Titanium","og_description":"Exploreaz\u0103 galeria foto & video a complexului HILS Titanium! Vezi progresul \u0219antierului \u0219i cum arat\u0103 apartamentele.","og_url":"https:\/\/hils.ro\/titanium\/galerie\/","og_site_name":"HILS Titanium","article_publisher":"https:\/\/www.facebook.com\/hils.development\/","article_modified_time":"2026-03-19T08:00:44+00:00","og_image":[{"width":1920,"height":800,"url":"https:\/\/hils.ro\/titanium\/wp-content\/uploads\/2025\/04\/Cover-TTN_EXT_C03_small.jpg","type":"image\/jpeg"}],"twitter_card":"summary_large_image","twitter_title":"Galerie - HILS Titanium","twitter_description":"Exploreaz\u0103 galeria foto & video a complexului HILS Titanium! Vezi progresul \u0219antierului \u0219i cum arat\u0103 apartamentele.","twitter_image":"https:\/\/hils.ro\/titanium\/wp-content\/uploads\/2025\/04\/Cover-TTN_EXT_C03_small.jpg","twitter_misc":{"Timp estimat pentru citire":"1 minut"},"schema":{"@context":"https:\/\/schema.org","@graph":[{"@type":"WebPage","@id":"https:\/\/hils.ro\/titanium\/galerie\/","url":"https:\/\/hils.ro\/titanium\/galerie\/","name":"Galerie - HILS Titanium","isPartOf":{"@id":"https:\/\/hils.ro\/titanium\/#website"},"primaryImageOfPage":{"@id":"https:\/\/hils.ro\/titanium\/galerie\/#primaryimage"},"image":{"@id":"https:\/\/hils.ro\/titanium\/galerie\/#primaryimage"},"thumbnailUrl":"https:\/\/hils.ro\/titanium\/wp-content\/uploads\/2025\/04\/Cover-TTN_EXT_C03_small.jpg","datePublished":"2020-06-05T05:43:55+00:00","dateModified":"2026-03-19T08:00:44+00:00","description":"Exploreaz\u0103 galeria foto & video a complexului HILS Titanium! Vezi progresul \u0219antierului \u0219i cum arat\u0103 apartamentele.","breadcrumb":{"@id":"https:\/\/hils.ro\/titanium\/galerie\/#breadcrumb"},"inLanguage":"ro-RO","potentialAction":[{"@type":"ReadAction","target":["https:\/\/hils.ro\/titanium\/galerie\/"]}]},{"@type":"ImageObject","inLanguage":"ro-RO","@id":"https:\/\/hils.ro\/titanium\/galerie\/#primaryimage","url":"https:\/\/hils.ro\/titanium\/wp-content\/uploads\/2025\/04\/Cover-TTN_EXT_C03_small.jpg","contentUrl":"https:\/\/hils.ro\/titanium\/wp-content\/uploads\/2025\/04\/Cover-TTN_EXT_C03_small.jpg","width":1920,"height":800,"caption":"HILS Titanium complex rezidential sector 3"},{"@type":"BreadcrumbList","@id":"https:\/\/hils.ro\/titanium\/galerie\/#breadcrumb","itemListElement":[{"@type":"ListItem","position":1,"name":"Home","item":"https:\/\/hils.ro\/titanium\/"},{"@type":"ListItem","position":2,"name":"Galerie"}]},{"@type":"WebSite","@id":"https:\/\/hils.ro\/titanium\/#website","url":"https:\/\/hils.ro\/titanium\/","name":"HILS Titanium","description":"Apartamente noi sector 3 HILS Titanium, zona Pallady","publisher":{"@id":"https:\/\/hils.ro\/titanium\/#organization"},"potentialAction":[{"@type":"SearchAction","target":{"@type":"EntryPoint","urlTemplate":"https:\/\/hils.ro\/titanium\/?s={search_term_string}"},"query-input":{"@type":"PropertyValueSpecification","valueRequired":true,"valueName":"search_term_string"}}],"inLanguage":"ro-RO"},{"@type":"Organization","@id":"https:\/\/hils.ro\/titanium\/#organization","name":"HILS Titanium","url":"https:\/\/hils.ro\/titanium\/","logo":{"@type":"ImageObject","inLanguage":"ro-RO","@id":"https:\/\/hils.ro\/titanium\/#\/schema\/logo\/image\/","url":"https:\/\/hils.ro\/titanium\/wp-content\/uploads\/2025\/11\/HILS-Titanium.svg","contentUrl":"https:\/\/hils.ro\/titanium\/wp-content\/uploads\/2025\/11\/HILS-Titanium.svg","width":600,"height":200,"caption":"HILS Titanium"},"image":{"@id":"https:\/\/hils.ro\/titanium\/#\/schema\/logo\/image\/"},"sameAs":["https:\/\/www.facebook.com\/hils.development\/"]}]}},"_links":{"self":[{"href":"https:\/\/hils.ro\/titanium\/wp-json\/wp\/v2\/pages\/217","targetHints":{"allow":["GET"]}}],"collection":[{"href":"https:\/\/hils.ro\/titanium\/wp-json\/wp\/v2\/pages"}],"about":[{"href":"https:\/\/hils.ro\/titanium\/wp-json\/wp\/v2\/types\/page"}],"author":[{"embeddable":true,"href":"https:\/\/hils.ro\/titanium\/wp-json\/wp\/v2\/users\/10"}],"replies":[{"embeddable":true,"href":"https:\/\/hils.ro\/titanium\/wp-json\/wp\/v2\/comments?post=217"}],"version-history":[{"count":27,"href":"https:\/\/hils.ro\/titanium\/wp-json\/wp\/v2\/pages\/217\/revisions"}],"predecessor-version":[{"id":11203,"href":"https:\/\/hils.ro\/titanium\/wp-json\/wp\/v2\/pages\/217\/revisions\/11203"}],"wp:featuredmedia":[{"embeddable":true,"href":"https:\/\/hils.ro\/titanium\/wp-json\/wp\/v2\/media\/9431"}],"wp:attachment":[{"href":"https:\/\/hils.ro\/titanium\/wp-json\/wp\/v2\/media?parent=217"}],"curies":[{"name":"wp","href":"https:\/\/api.w.org\/{rel}","templated":true}]}}