{"id":278,"date":"2020-06-15T15:34:32","date_gmt":"2020-06-15T12:34:32","guid":{"rendered":"https:\/\/hils.ro\/?page_id=278"},"modified":"2026-04-01T09:57:14","modified_gmt":"2026-04-01T06:57:14","slug":"apartamente","status":"publish","type":"page","link":"https:\/\/hils.ro\/sunrise\/apartamente\/","title":{"rendered":"Apartamente"},"content":{"rendered":"","protected":false},"excerpt":{"rendered":"","protected":false},"author":10,"featured_media":10725,"parent":0,"menu_order":0,"comment_status":"closed","ping_status":"closed","template":"template-apartments.php","meta":{"_acf_changed":false,"inline_featured_image":false,"footnotes":""},"class_list":["post-278","page","type-page","status-publish","has-post-thumbnail","hentry"],"acf":[],"yoast_head":"<!-- This site is optimized with the Yoast SEO plugin v27.3 - https:\/\/yoast.com\/product\/yoast-seo-wordpress\/ -->\n<title>HILS Sunrise - apartamente de v\u00e2nzare zona Pallady, sector 3<\/title>\n<meta name=\"description\" content=\"HILS Sunrise ofer\u0103 apartamente noi de v\u00e2nzare \u00een sector 3, cu finisaje premium, l\u00e2ng\u0103 IKEA Pallady. Descoper\u0103 noul t\u0103u apartament acum!\" \/>\n<meta name=\"robots\" content=\"index, follow, max-snippet:-1, max-image-preview:large, max-video-preview:-1\" \/>\n<link rel=\"canonical\" href=\"https:\/\/hils.ro\/sunrise\/apartamente\/\" \/>\n<meta property=\"og:locale\" content=\"ro_RO\" \/>\n<meta property=\"og:type\" content=\"article\" \/>\n<meta property=\"og:title\" content=\"Apartamente Sector 3 | HILS Sunrise- apartamente noi de v\u00e2nzare \u00een zona Pallady\" \/>\n<meta property=\"og:description\" content=\"HILS Sunrise ofer\u0103 704 apartamente noi de v\u00e2nzare, cu finisaje premium, \u00een Sector 3, l\u00e2ng\u0103 IKEA Pallady. Descoper\u0103 noul t\u0103u apartament acum!\" \/>\n<meta property=\"og:url\" content=\"https:\/\/hils.ro\/sunrise\/apartamente\/\" \/>\n<meta property=\"og:site_name\" content=\"HILS Sunrise\" \/>\n<meta property=\"article:publisher\" content=\"https:\/\/www.facebook.com\/hils.development\/\" \/>\n<meta property=\"article:modified_time\" content=\"2026-04-01T06:57:14+00:00\" \/>\n<meta property=\"og:image\" content=\"https:\/\/hils.ro\/sunrise\/wp-content\/uploads\/2026\/02\/SUNRISE-exterior-1920x800-website-fara-CTA-.jpg\" \/>\n\t<meta property=\"og:image:width\" content=\"1920\" \/>\n\t<meta property=\"og:image:height\" content=\"700\" \/>\n\t<meta property=\"og:image:type\" content=\"image\/jpeg\" \/>\n<meta name=\"twitter:card\" content=\"summary_large_image\" \/>\n<meta name=\"twitter:title\" content=\"Apartamente Sector 3 | HILS Sunrise- apartamente noi de v\u00e2nzare \u00een zona Pallady\" \/>\n<meta name=\"twitter:description\" content=\"HILS Sunrise ofer\u0103 704 apartamente noi de v\u00e2nzare, cu finisaje premium, \u00een Sector 3, l\u00e2ng\u0103 IKEA Pallady. Descoper\u0103 noul t\u0103u apartament acum!\" \/>\n<meta name=\"twitter:label1\" content=\"Timp estimat pentru citire\" \/>\n\t<meta name=\"twitter:data1\" content=\"1 minut\" \/>\n<script type=\"application\/ld+json\" class=\"yoast-schema-graph\">{\"@context\":\"https:\\\/\\\/schema.org\",\"@graph\":[{\"@type\":\"WebPage\",\"@id\":\"https:\\\/\\\/hils.ro\\\/sunrise\\\/apartamente\\\/\",\"url\":\"https:\\\/\\\/hils.ro\\\/sunrise\\\/apartamente\\\/\",\"name\":\"HILS Sunrise - apartamente de v\u00e2nzare zona Pallady, sector 3\",\"isPartOf\":{\"@id\":\"https:\\\/\\\/hils.ro\\\/sunrise\\\/#website\"},\"primaryImageOfPage\":{\"@id\":\"https:\\\/\\\/hils.ro\\\/sunrise\\\/apartamente\\\/#primaryimage\"},\"image\":{\"@id\":\"https:\\\/\\\/hils.ro\\\/sunrise\\\/apartamente\\\/#primaryimage\"},\"thumbnailUrl\":\"https:\\\/\\\/hils.ro\\\/sunrise\\\/wp-content\\\/uploads\\\/2026\\\/02\\\/SUNRISE-exterior-1920x800-website-fara-CTA-.jpg\",\"datePublished\":\"2020-06-15T12:34:32+00:00\",\"dateModified\":\"2026-04-01T06:57:14+00:00\",\"description\":\"HILS Sunrise ofer\u0103 apartamente noi de v\u00e2nzare \u00een sector 3, cu finisaje premium, l\u00e2ng\u0103 IKEA Pallady. Descoper\u0103 noul t\u0103u apartament acum!\",\"breadcrumb\":{\"@id\":\"https:\\\/\\\/hils.ro\\\/sunrise\\\/apartamente\\\/#breadcrumb\"},\"inLanguage\":\"ro-RO\",\"potentialAction\":[{\"@type\":\"ReadAction\",\"target\":[\"https:\\\/\\\/hils.ro\\\/sunrise\\\/apartamente\\\/\"]}]},{\"@type\":\"ImageObject\",\"inLanguage\":\"ro-RO\",\"@id\":\"https:\\\/\\\/hils.ro\\\/sunrise\\\/apartamente\\\/#primaryimage\",\"url\":\"https:\\\/\\\/hils.ro\\\/sunrise\\\/wp-content\\\/uploads\\\/2026\\\/02\\\/SUNRISE-exterior-1920x800-website-fara-CTA-.jpg\",\"contentUrl\":\"https:\\\/\\\/hils.ro\\\/sunrise\\\/wp-content\\\/uploads\\\/2026\\\/02\\\/SUNRISE-exterior-1920x800-website-fara-CTA-.jpg\",\"width\":1920,\"height\":700,\"caption\":\"HILS SUNRISE- exterior-1920x800 website -fara CTA\"},{\"@type\":\"BreadcrumbList\",\"@id\":\"https:\\\/\\\/hils.ro\\\/sunrise\\\/apartamente\\\/#breadcrumb\",\"itemListElement\":[{\"@type\":\"ListItem\",\"position\":1,\"name\":\"Home\",\"item\":\"https:\\\/\\\/hils.ro\\\/sunrise\\\/\"},{\"@type\":\"ListItem\",\"position\":2,\"name\":\"Apartamente\"}]},{\"@type\":\"WebSite\",\"@id\":\"https:\\\/\\\/hils.ro\\\/sunrise\\\/#website\",\"url\":\"https:\\\/\\\/hils.ro\\\/sunrise\\\/\",\"name\":\"HILS Sunrise\",\"description\":\"Apartamente noi sector 3 HILS Sunrise, zona Pallady\",\"publisher\":{\"@id\":\"https:\\\/\\\/hils.ro\\\/sunrise\\\/#organization\"},\"potentialAction\":[{\"@type\":\"SearchAction\",\"target\":{\"@type\":\"EntryPoint\",\"urlTemplate\":\"https:\\\/\\\/hils.ro\\\/sunrise\\\/?s={search_term_string}\"},\"query-input\":{\"@type\":\"PropertyValueSpecification\",\"valueRequired\":true,\"valueName\":\"search_term_string\"}}],\"inLanguage\":\"ro-RO\"},{\"@type\":\"Organization\",\"@id\":\"https:\\\/\\\/hils.ro\\\/sunrise\\\/#organization\",\"name\":\"HILS Brauner\",\"url\":\"https:\\\/\\\/hils.ro\\\/sunrise\\\/\",\"logo\":{\"@type\":\"ImageObject\",\"inLanguage\":\"ro-RO\",\"@id\":\"https:\\\/\\\/hils.ro\\\/sunrise\\\/#\\\/schema\\\/logo\\\/image\\\/\",\"url\":\"https:\\\/\\\/hils.ro\\\/sunrise\\\/wp-content\\\/uploads\\\/2025\\\/11\\\/HILS-Sunrise.svg\",\"contentUrl\":\"https:\\\/\\\/hils.ro\\\/sunrise\\\/wp-content\\\/uploads\\\/2025\\\/11\\\/HILS-Sunrise.svg\",\"width\":180,\"height\":60,\"caption\":\"HILS Brauner\"},\"image\":{\"@id\":\"https:\\\/\\\/hils.ro\\\/sunrise\\\/#\\\/schema\\\/logo\\\/image\\\/\"},\"sameAs\":[\"https:\\\/\\\/www.facebook.com\\\/hils.development\\\/\"]}]}<\/script>\n<!-- \/ Yoast SEO plugin. -->","yoast_head_json":{"title":"HILS Sunrise - apartamente de v\u00e2nzare zona Pallady, sector 3","description":"HILS Sunrise ofer\u0103 apartamente noi de v\u00e2nzare \u00een sector 3, cu finisaje premium, l\u00e2ng\u0103 IKEA Pallady. Descoper\u0103 noul t\u0103u apartament acum!","robots":{"index":"index","follow":"follow","max-snippet":"max-snippet:-1","max-image-preview":"max-image-preview:large","max-video-preview":"max-video-preview:-1"},"canonical":"https:\/\/hils.ro\/sunrise\/apartamente\/","og_locale":"ro_RO","og_type":"article","og_title":"Apartamente Sector 3 | HILS Sunrise- apartamente noi de v\u00e2nzare \u00een zona Pallady","og_description":"HILS Sunrise ofer\u0103 704 apartamente noi de v\u00e2nzare, cu finisaje premium, \u00een Sector 3, l\u00e2ng\u0103 IKEA Pallady. Descoper\u0103 noul t\u0103u apartament acum!","og_url":"https:\/\/hils.ro\/sunrise\/apartamente\/","og_site_name":"HILS Sunrise","article_publisher":"https:\/\/www.facebook.com\/hils.development\/","article_modified_time":"2026-04-01T06:57:14+00:00","og_image":[{"width":1920,"height":700,"url":"https:\/\/hils.ro\/sunrise\/wp-content\/uploads\/2026\/02\/SUNRISE-exterior-1920x800-website-fara-CTA-.jpg","type":"image\/jpeg"}],"twitter_card":"summary_large_image","twitter_title":"Apartamente Sector 3 | HILS Sunrise- apartamente noi de v\u00e2nzare \u00een zona Pallady","twitter_description":"HILS Sunrise ofer\u0103 704 apartamente noi de v\u00e2nzare, cu finisaje premium, \u00een Sector 3, l\u00e2ng\u0103 IKEA Pallady. Descoper\u0103 noul t\u0103u apartament acum!","twitter_misc":{"Timp estimat pentru citire":"1 minut"},"schema":{"@context":"https:\/\/schema.org","@graph":[{"@type":"WebPage","@id":"https:\/\/hils.ro\/sunrise\/apartamente\/","url":"https:\/\/hils.ro\/sunrise\/apartamente\/","name":"HILS Sunrise - apartamente de v\u00e2nzare zona Pallady, sector 3","isPartOf":{"@id":"https:\/\/hils.ro\/sunrise\/#website"},"primaryImageOfPage":{"@id":"https:\/\/hils.ro\/sunrise\/apartamente\/#primaryimage"},"image":{"@id":"https:\/\/hils.ro\/sunrise\/apartamente\/#primaryimage"},"thumbnailUrl":"https:\/\/hils.ro\/sunrise\/wp-content\/uploads\/2026\/02\/SUNRISE-exterior-1920x800-website-fara-CTA-.jpg","datePublished":"2020-06-15T12:34:32+00:00","dateModified":"2026-04-01T06:57:14+00:00","description":"HILS Sunrise ofer\u0103 apartamente noi de v\u00e2nzare \u00een sector 3, cu finisaje premium, l\u00e2ng\u0103 IKEA Pallady. Descoper\u0103 noul t\u0103u apartament acum!","breadcrumb":{"@id":"https:\/\/hils.ro\/sunrise\/apartamente\/#breadcrumb"},"inLanguage":"ro-RO","potentialAction":[{"@type":"ReadAction","target":["https:\/\/hils.ro\/sunrise\/apartamente\/"]}]},{"@type":"ImageObject","inLanguage":"ro-RO","@id":"https:\/\/hils.ro\/sunrise\/apartamente\/#primaryimage","url":"https:\/\/hils.ro\/sunrise\/wp-content\/uploads\/2026\/02\/SUNRISE-exterior-1920x800-website-fara-CTA-.jpg","contentUrl":"https:\/\/hils.ro\/sunrise\/wp-content\/uploads\/2026\/02\/SUNRISE-exterior-1920x800-website-fara-CTA-.jpg","width":1920,"height":700,"caption":"HILS SUNRISE- exterior-1920x800 website -fara CTA"},{"@type":"BreadcrumbList","@id":"https:\/\/hils.ro\/sunrise\/apartamente\/#breadcrumb","itemListElement":[{"@type":"ListItem","position":1,"name":"Home","item":"https:\/\/hils.ro\/sunrise\/"},{"@type":"ListItem","position":2,"name":"Apartamente"}]},{"@type":"WebSite","@id":"https:\/\/hils.ro\/sunrise\/#website","url":"https:\/\/hils.ro\/sunrise\/","name":"HILS Sunrise","description":"Apartamente noi sector 3 HILS Sunrise, zona Pallady","publisher":{"@id":"https:\/\/hils.ro\/sunrise\/#organization"},"potentialAction":[{"@type":"SearchAction","target":{"@type":"EntryPoint","urlTemplate":"https:\/\/hils.ro\/sunrise\/?s={search_term_string}"},"query-input":{"@type":"PropertyValueSpecification","valueRequired":true,"valueName":"search_term_string"}}],"inLanguage":"ro-RO"},{"@type":"Organization","@id":"https:\/\/hils.ro\/sunrise\/#organization","name":"HILS Brauner","url":"https:\/\/hils.ro\/sunrise\/","logo":{"@type":"ImageObject","inLanguage":"ro-RO","@id":"https:\/\/hils.ro\/sunrise\/#\/schema\/logo\/image\/","url":"https:\/\/hils.ro\/sunrise\/wp-content\/uploads\/2025\/11\/HILS-Sunrise.svg","contentUrl":"https:\/\/hils.ro\/sunrise\/wp-content\/uploads\/2025\/11\/HILS-Sunrise.svg","width":180,"height":60,"caption":"HILS Brauner"},"image":{"@id":"https:\/\/hils.ro\/sunrise\/#\/schema\/logo\/image\/"},"sameAs":["https:\/\/www.facebook.com\/hils.development\/"]}]}},"_links":{"self":[{"href":"https:\/\/hils.ro\/sunrise\/wp-json\/wp\/v2\/pages\/278","targetHints":{"allow":["GET"]}}],"collection":[{"href":"https:\/\/hils.ro\/sunrise\/wp-json\/wp\/v2\/pages"}],"about":[{"href":"https:\/\/hils.ro\/sunrise\/wp-json\/wp\/v2\/types\/page"}],"author":[{"embeddable":true,"href":"https:\/\/hils.ro\/sunrise\/wp-json\/wp\/v2\/users\/10"}],"replies":[{"embeddable":true,"href":"https:\/\/hils.ro\/sunrise\/wp-json\/wp\/v2\/comments?post=278"}],"version-history":[{"count":31,"href":"https:\/\/hils.ro\/sunrise\/wp-json\/wp\/v2\/pages\/278\/revisions"}],"predecessor-version":[{"id":11323,"href":"https:\/\/hils.ro\/sunrise\/wp-json\/wp\/v2\/pages\/278\/revisions\/11323"}],"wp:featuredmedia":[{"embeddable":true,"href":"https:\/\/hils.ro\/sunrise\/wp-json\/wp\/v2\/media\/10725"}],"wp:attachment":[{"href":"https:\/\/hils.ro\/sunrise\/wp-json\/wp\/v2\/media?parent=278"}],"curies":[{"name":"wp","href":"https:\/\/api.w.org\/{rel}","templated":true}]}}