{"id":241,"date":"2020-06-05T09:30:30","date_gmt":"2020-06-05T06:30:30","guid":{"rendered":"https:\/\/hils.ro\/?page_id=241"},"modified":"2026-03-04T13:36:41","modified_gmt":"2026-03-04T11:36:41","slug":"localizare","status":"publish","type":"page","link":"https:\/\/hils.ro\/sunrise\/localizare\/","title":{"rendered":"Localizare"},"content":{"rendered":"<h1>Complex reziden\u021bial \u00een construc\u021bie,<br \/>\n\u00een zona Pallady<\/h1>\n<p>Cu acces rapid la cele mai importante puncte de interes din Bucure\u0219ti<\/p>\n<div class=\"cta_hero\" style=\"margin-top: 25px;\"><a class=\"vezi_apartamente\" style=\"color: #fff;\" href=\"https:\/\/hils.ro\/sunrise\/apartamente\/\">VEZI APARTAMENTELE<\/a> <a id=\"btn_solicita_oferta\" style=\"text-decoration: none; color: #18233f; background: #FED441; font-size: 14px; font-style: normal; font-weight: 500; margin-left: 10px; padding: 9px 20px;\" href=\"#contact\">SOLICIT\u0102 O OFERT\u0102<\/a><\/div>\n","protected":false},"excerpt":{"rendered":"<p>Complex reziden\u021bial \u00een construc\u021bie, \u00een zona Pallady Cu acces rapid la cele mai importante puncte de interes din Bucure\u0219ti VEZI APARTAMENTELE SOLICIT\u0102 O OFERT\u0102<\/p>\n","protected":false},"author":10,"featured_media":8769,"parent":0,"menu_order":0,"comment_status":"closed","ping_status":"closed","template":"template-localizare.php","meta":{"_acf_changed":false,"inline_featured_image":false,"footnotes":""},"class_list":["post-241","page","type-page","status-publish","has-post-thumbnail","hentry"],"acf":[],"yoast_head":"<!-- This site is optimized with the Yoast SEO plugin v27.5 - https:\/\/yoast.com\/product\/yoast-seo-wordpress\/ -->\n<title>Localizare - HILS Sunrise<\/title>\n<meta name=\"description\" content=\"Afl\u0103 cum ajungi la HILS Sunrise, complexul reziden\u021bial \u00een sector 3, zona Pallady. Consult\u0103 harta \u0219i descoper\u0103 loca\u021bia noului t\u0103u apartament.\" \/>\n<meta name=\"robots\" content=\"index, follow, max-snippet:-1, max-image-preview:large, max-video-preview:-1\" \/>\n<link rel=\"canonical\" href=\"https:\/\/hils.ro\/sunrise\/localizare\/\" \/>\n<meta property=\"og:locale\" content=\"ro_RO\" \/>\n<meta property=\"og:type\" content=\"article\" \/>\n<meta property=\"og:title\" content=\"Localizare HILS Sunrise | Apartamente noi de v\u00e2nzare \u00een Sector 3, Zona Pallady\" \/>\n<meta property=\"og:description\" content=\"Afl\u0103 cum ajungi la HILS Sunrise, complexul reziden\u021bial \u00een sector 3, zona Pallady. Consult\u0103 harta \u0219i descoper\u0103 loca\u021bia ideal\u0103 pentru noul t\u0103u apartament.\" \/>\n<meta property=\"og:url\" content=\"https:\/\/hils.ro\/sunrise\/localizare\/\" \/>\n<meta property=\"og:site_name\" content=\"HILS Sunrise\" \/>\n<meta property=\"article:publisher\" content=\"https:\/\/www.facebook.com\/hils.development\/\" \/>\n<meta property=\"article:modified_time\" content=\"2026-03-04T11:36:41+00:00\" \/>\n<meta name=\"twitter:card\" content=\"summary_large_image\" \/>\n<meta name=\"twitter:title\" content=\"Localizare HILS Sunrise | Apartamente noi de v\u00e2nzare \u00een Sector 3, Zona Pallady\" \/>\n<meta name=\"twitter:description\" content=\"Afl\u0103 cum ajungi la HILS Sunrise, complexul reziden\u021bial \u00een sector 3, zona Pallady. Consult\u0103 harta \u0219i descoper\u0103 loca\u021bia ideal\u0103 pentru noul t\u0103u apartament.\" \/>\n<meta name=\"twitter:image\" content=\"https:\/\/hils.ro\/sunrise\/wp-content\/uploads\/2024\/12\/HILS_Dinamic_01_final-1.jpg\" \/>\n<meta name=\"twitter:label1\" content=\"Timp estimat pentru citire\" \/>\n\t<meta name=\"twitter:data1\" content=\"1 minut\" \/>\n<script type=\"application\/ld+json\" class=\"yoast-schema-graph\">{\"@context\":\"https:\\\/\\\/schema.org\",\"@graph\":[{\"@type\":\"WebPage\",\"@id\":\"https:\\\/\\\/hils.ro\\\/sunrise\\\/localizare\\\/\",\"url\":\"https:\\\/\\\/hils.ro\\\/sunrise\\\/localizare\\\/\",\"name\":\"Localizare - HILS Sunrise\",\"isPartOf\":{\"@id\":\"https:\\\/\\\/hils.ro\\\/sunrise\\\/#website\"},\"primaryImageOfPage\":{\"@id\":\"https:\\\/\\\/hils.ro\\\/sunrise\\\/localizare\\\/#primaryimage\"},\"image\":{\"@id\":\"https:\\\/\\\/hils.ro\\\/sunrise\\\/localizare\\\/#primaryimage\"},\"thumbnailUrl\":\"https:\\\/\\\/hils.ro\\\/sunrise\\\/wp-content\\\/uploads\\\/2024\\\/12\\\/HILS_Dinamic_01_final-1.jpg\",\"datePublished\":\"2020-06-05T06:30:30+00:00\",\"dateModified\":\"2026-03-04T11:36:41+00:00\",\"description\":\"Afl\u0103 cum ajungi la HILS Sunrise, complexul reziden\u021bial \u00een sector 3, zona Pallady. Consult\u0103 harta \u0219i descoper\u0103 loca\u021bia noului t\u0103u apartament.\",\"breadcrumb\":{\"@id\":\"https:\\\/\\\/hils.ro\\\/sunrise\\\/localizare\\\/#breadcrumb\"},\"inLanguage\":\"ro-RO\",\"potentialAction\":[{\"@type\":\"ReadAction\",\"target\":[\"https:\\\/\\\/hils.ro\\\/sunrise\\\/localizare\\\/\"]}]},{\"@type\":\"ImageObject\",\"inLanguage\":\"ro-RO\",\"@id\":\"https:\\\/\\\/hils.ro\\\/sunrise\\\/localizare\\\/#primaryimage\",\"url\":\"https:\\\/\\\/hils.ro\\\/sunrise\\\/wp-content\\\/uploads\\\/2024\\\/12\\\/HILS_Dinamic_01_final-1.jpg\",\"contentUrl\":\"https:\\\/\\\/hils.ro\\\/sunrise\\\/wp-content\\\/uploads\\\/2024\\\/12\\\/HILS_Dinamic_01_final-1.jpg\",\"width\":1920,\"height\":800},{\"@type\":\"BreadcrumbList\",\"@id\":\"https:\\\/\\\/hils.ro\\\/sunrise\\\/localizare\\\/#breadcrumb\",\"itemListElement\":[{\"@type\":\"ListItem\",\"position\":1,\"name\":\"Home\",\"item\":\"https:\\\/\\\/hils.ro\\\/sunrise\\\/\"},{\"@type\":\"ListItem\",\"position\":2,\"name\":\"Localizare\"}]},{\"@type\":\"WebSite\",\"@id\":\"https:\\\/\\\/hils.ro\\\/sunrise\\\/#website\",\"url\":\"https:\\\/\\\/hils.ro\\\/sunrise\\\/\",\"name\":\"HILS Sunrise\",\"description\":\"Apartamente noi sector 3 HILS Sunrise, zona Pallady\",\"publisher\":{\"@id\":\"https:\\\/\\\/hils.ro\\\/sunrise\\\/#organization\"},\"potentialAction\":[{\"@type\":\"SearchAction\",\"target\":{\"@type\":\"EntryPoint\",\"urlTemplate\":\"https:\\\/\\\/hils.ro\\\/sunrise\\\/?s={search_term_string}\"},\"query-input\":{\"@type\":\"PropertyValueSpecification\",\"valueRequired\":true,\"valueName\":\"search_term_string\"}}],\"inLanguage\":\"ro-RO\"},{\"@type\":\"Organization\",\"@id\":\"https:\\\/\\\/hils.ro\\\/sunrise\\\/#organization\",\"name\":\"HILS Brauner\",\"url\":\"https:\\\/\\\/hils.ro\\\/sunrise\\\/\",\"logo\":{\"@type\":\"ImageObject\",\"inLanguage\":\"ro-RO\",\"@id\":\"https:\\\/\\\/hils.ro\\\/sunrise\\\/#\\\/schema\\\/logo\\\/image\\\/\",\"url\":\"https:\\\/\\\/hils.ro\\\/sunrise\\\/wp-content\\\/uploads\\\/2025\\\/11\\\/HILS-Sunrise.svg\",\"contentUrl\":\"https:\\\/\\\/hils.ro\\\/sunrise\\\/wp-content\\\/uploads\\\/2025\\\/11\\\/HILS-Sunrise.svg\",\"width\":180,\"height\":60,\"caption\":\"HILS Brauner\"},\"image\":{\"@id\":\"https:\\\/\\\/hils.ro\\\/sunrise\\\/#\\\/schema\\\/logo\\\/image\\\/\"},\"sameAs\":[\"https:\\\/\\\/www.facebook.com\\\/hils.development\\\/\"]}]}<\/script>\n<!-- \/ Yoast SEO plugin. -->","yoast_head_json":{"title":"Localizare - HILS Sunrise","description":"Afl\u0103 cum ajungi la HILS Sunrise, complexul reziden\u021bial \u00een sector 3, zona Pallady. Consult\u0103 harta \u0219i descoper\u0103 loca\u021bia noului t\u0103u apartament.","robots":{"index":"index","follow":"follow","max-snippet":"max-snippet:-1","max-image-preview":"max-image-preview:large","max-video-preview":"max-video-preview:-1"},"canonical":"https:\/\/hils.ro\/sunrise\/localizare\/","og_locale":"ro_RO","og_type":"article","og_title":"Localizare HILS Sunrise | Apartamente noi de v\u00e2nzare \u00een Sector 3, Zona Pallady","og_description":"Afl\u0103 cum ajungi la HILS Sunrise, complexul reziden\u021bial \u00een sector 3, zona Pallady. Consult\u0103 harta \u0219i descoper\u0103 loca\u021bia ideal\u0103 pentru noul t\u0103u apartament.","og_url":"https:\/\/hils.ro\/sunrise\/localizare\/","og_site_name":"HILS Sunrise","article_publisher":"https:\/\/www.facebook.com\/hils.development\/","article_modified_time":"2026-03-04T11:36:41+00:00","twitter_card":"summary_large_image","twitter_title":"Localizare HILS Sunrise | Apartamente noi de v\u00e2nzare \u00een Sector 3, Zona Pallady","twitter_description":"Afl\u0103 cum ajungi la HILS Sunrise, complexul reziden\u021bial \u00een sector 3, zona Pallady. Consult\u0103 harta \u0219i descoper\u0103 loca\u021bia ideal\u0103 pentru noul t\u0103u apartament.","twitter_image":"https:\/\/hils.ro\/sunrise\/wp-content\/uploads\/2024\/12\/HILS_Dinamic_01_final-1.jpg","twitter_misc":{"Timp estimat pentru citire":"1 minut"},"schema":{"@context":"https:\/\/schema.org","@graph":[{"@type":"WebPage","@id":"https:\/\/hils.ro\/sunrise\/localizare\/","url":"https:\/\/hils.ro\/sunrise\/localizare\/","name":"Localizare - HILS Sunrise","isPartOf":{"@id":"https:\/\/hils.ro\/sunrise\/#website"},"primaryImageOfPage":{"@id":"https:\/\/hils.ro\/sunrise\/localizare\/#primaryimage"},"image":{"@id":"https:\/\/hils.ro\/sunrise\/localizare\/#primaryimage"},"thumbnailUrl":"https:\/\/hils.ro\/sunrise\/wp-content\/uploads\/2024\/12\/HILS_Dinamic_01_final-1.jpg","datePublished":"2020-06-05T06:30:30+00:00","dateModified":"2026-03-04T11:36:41+00:00","description":"Afl\u0103 cum ajungi la HILS Sunrise, complexul reziden\u021bial \u00een sector 3, zona Pallady. Consult\u0103 harta \u0219i descoper\u0103 loca\u021bia noului t\u0103u apartament.","breadcrumb":{"@id":"https:\/\/hils.ro\/sunrise\/localizare\/#breadcrumb"},"inLanguage":"ro-RO","potentialAction":[{"@type":"ReadAction","target":["https:\/\/hils.ro\/sunrise\/localizare\/"]}]},{"@type":"ImageObject","inLanguage":"ro-RO","@id":"https:\/\/hils.ro\/sunrise\/localizare\/#primaryimage","url":"https:\/\/hils.ro\/sunrise\/wp-content\/uploads\/2024\/12\/HILS_Dinamic_01_final-1.jpg","contentUrl":"https:\/\/hils.ro\/sunrise\/wp-content\/uploads\/2024\/12\/HILS_Dinamic_01_final-1.jpg","width":1920,"height":800},{"@type":"BreadcrumbList","@id":"https:\/\/hils.ro\/sunrise\/localizare\/#breadcrumb","itemListElement":[{"@type":"ListItem","position":1,"name":"Home","item":"https:\/\/hils.ro\/sunrise\/"},{"@type":"ListItem","position":2,"name":"Localizare"}]},{"@type":"WebSite","@id":"https:\/\/hils.ro\/sunrise\/#website","url":"https:\/\/hils.ro\/sunrise\/","name":"HILS Sunrise","description":"Apartamente noi sector 3 HILS Sunrise, zona Pallady","publisher":{"@id":"https:\/\/hils.ro\/sunrise\/#organization"},"potentialAction":[{"@type":"SearchAction","target":{"@type":"EntryPoint","urlTemplate":"https:\/\/hils.ro\/sunrise\/?s={search_term_string}"},"query-input":{"@type":"PropertyValueSpecification","valueRequired":true,"valueName":"search_term_string"}}],"inLanguage":"ro-RO"},{"@type":"Organization","@id":"https:\/\/hils.ro\/sunrise\/#organization","name":"HILS Brauner","url":"https:\/\/hils.ro\/sunrise\/","logo":{"@type":"ImageObject","inLanguage":"ro-RO","@id":"https:\/\/hils.ro\/sunrise\/#\/schema\/logo\/image\/","url":"https:\/\/hils.ro\/sunrise\/wp-content\/uploads\/2025\/11\/HILS-Sunrise.svg","contentUrl":"https:\/\/hils.ro\/sunrise\/wp-content\/uploads\/2025\/11\/HILS-Sunrise.svg","width":180,"height":60,"caption":"HILS Brauner"},"image":{"@id":"https:\/\/hils.ro\/sunrise\/#\/schema\/logo\/image\/"},"sameAs":["https:\/\/www.facebook.com\/hils.development\/"]}]}},"_links":{"self":[{"href":"https:\/\/hils.ro\/sunrise\/wp-json\/wp\/v2\/pages\/241","targetHints":{"allow":["GET"]}}],"collection":[{"href":"https:\/\/hils.ro\/sunrise\/wp-json\/wp\/v2\/pages"}],"about":[{"href":"https:\/\/hils.ro\/sunrise\/wp-json\/wp\/v2\/types\/page"}],"author":[{"embeddable":true,"href":"https:\/\/hils.ro\/sunrise\/wp-json\/wp\/v2\/users\/10"}],"replies":[{"embeddable":true,"href":"https:\/\/hils.ro\/sunrise\/wp-json\/wp\/v2\/comments?post=241"}],"version-history":[{"count":12,"href":"https:\/\/hils.ro\/sunrise\/wp-json\/wp\/v2\/pages\/241\/revisions"}],"predecessor-version":[{"id":11067,"href":"https:\/\/hils.ro\/sunrise\/wp-json\/wp\/v2\/pages\/241\/revisions\/11067"}],"wp:featuredmedia":[{"embeddable":true,"href":"https:\/\/hils.ro\/sunrise\/wp-json\/wp\/v2\/media\/8769"}],"wp:attachment":[{"href":"https:\/\/hils.ro\/sunrise\/wp-json\/wp\/v2\/media?parent=241"}],"curies":[{"name":"wp","href":"https:\/\/api.w.org\/{rel}","templated":true}]}}