{"id":5764,"date":"2024-07-02T15:21:19","date_gmt":"2024-07-02T12:21:19","guid":{"rendered":"https:\/\/hils.ro\/brauner\/?page_id=5764"},"modified":"2026-02-17T15:01:09","modified_gmt":"2026-02-17T13:01:09","slug":"finisaje","status":"publish","type":"page","link":"https:\/\/hils.ro\/republica\/finisaje\/","title":{"rendered":"Finisaje &#8211; Specifica\u021bii tehnice"},"content":{"rendered":"<h1>Specifica\u021bii tehnice<\/h1>\n<p>Colabor\u0103m cu furnizori de \u00eencredere \u0219i alegem materiale de \u00eenalt\u0103 calitate. Astfel, \u00ee\u021bi cre\u0103m confortul necesar \u00een viitorul t\u0103u apartament.<\/p>\n<div class=\"cta_hero\"><a class=\"vezi_apartamente\" style=\"color: #fff;\" href=\"https:\/\/hils.ro\/republica\/apartamente\/\">VEZI APARTAMENTELE<\/a><br \/>\n<a id=\"btn_solicita_oferta\" class=\"vezi_tur\" style=\"color: #fff; background: #EF4B23; font-size: 14px; font-style: normal; font-weight: 500; margin-left: 30px; padding: 9px 20px;\" href=\"#contact\">SOLICIT\u0102 O OFERT\u0102<\/a><\/div>\n","protected":false},"excerpt":{"rendered":"<p>Specifica\u021bii tehnice Colabor\u0103m cu furnizori de \u00eencredere \u0219i alegem materiale de \u00eenalt\u0103 calitate. Astfel, \u00ee\u021bi cre\u0103m confortul necesar \u00een viitorul t\u0103u apartament. VEZI APARTAMENTELE SOLICIT\u0102 O OFERT\u0102<\/p>\n","protected":false},"author":13,"featured_media":8956,"parent":0,"menu_order":0,"comment_status":"closed","ping_status":"closed","template":"template-specificatii.php","meta":{"_acf_changed":false,"inline_featured_image":false,"footnotes":""},"class_list":["post-5764","page","type-page","status-publish","has-post-thumbnail","hentry"],"acf":[],"yoast_head":"<!-- This site is optimized with the Yoast SEO plugin v27.3 - https:\/\/yoast.com\/product\/yoast-seo-wordpress\/ -->\n<title>Finisaje - Specifica\u021bii tehnice - HILS Republica<\/title>\n<meta name=\"description\" content=\"Ne \u00eendeplinim misiunea de a-\u021bi oferi un trai de calitate accesibil \u0219i lucr\u0103m cu aten\u021bie la fiecare detaliu al apartamentelor HILS Republica.\" \/>\n<meta name=\"robots\" content=\"index, follow, max-snippet:-1, max-image-preview:large, max-video-preview:-1\" \/>\n<link rel=\"canonical\" href=\"https:\/\/hils.ro\/republica\/finisaje\/\" \/>\n<meta property=\"og:locale\" content=\"ro_RO\" \/>\n<meta property=\"og:type\" content=\"article\" \/>\n<meta property=\"og:title\" content=\"HILS Republica - Specifica\u021bii tehnice - finisaje\" \/>\n<meta property=\"og:description\" content=\"Ne \u00eendeplinim misiunea de a-\u021bi oferi un trai de calitate accesibil \u0219i lucr\u0103m cu aten\u021bie la fiecare detaliu al apartamentelor HILS Republica.\" \/>\n<meta property=\"og:url\" content=\"https:\/\/hils.ro\/republica\/finisaje\/\" \/>\n<meta property=\"og:site_name\" content=\"HILS Republica\" \/>\n<meta property=\"article:publisher\" content=\"https:\/\/www.facebook.com\/hils.development\/\" \/>\n<meta property=\"article:modified_time\" content=\"2026-02-17T13:01:09+00:00\" \/>\n<meta property=\"og:image\" content=\"https:\/\/hils.ro\/republica\/wp-content\/uploads\/2024\/11\/3A_Living_02.jpg\" \/>\n\t<meta property=\"og:image:width\" content=\"1920\" \/>\n\t<meta property=\"og:image:height\" content=\"800\" \/>\n\t<meta property=\"og:image:type\" content=\"image\/jpeg\" \/>\n<meta name=\"twitter:card\" content=\"summary_large_image\" \/>\n<meta name=\"twitter:title\" content=\"HILS Republica - Specifica\u021bii tehnice - finisaje\" \/>\n<meta name=\"twitter:description\" content=\"Ne \u00eendeplinim misiunea de a-\u021bi oferi un trai de calitate accesibil \u0219i lucr\u0103m cu aten\u021bie la fiecare detaliu al apartamentelor HILS Republica.\" \/>\n<meta name=\"twitter:image\" content=\"https:\/\/hils.ro\/republica\/wp-content\/uploads\/2024\/11\/3A_Living_02.jpg\" \/>\n<meta name=\"twitter:label1\" content=\"Timp estimat pentru citire\" \/>\n\t<meta name=\"twitter:data1\" content=\"1 minut\" \/>\n<script type=\"application\/ld+json\" class=\"yoast-schema-graph\">{\"@context\":\"https:\\\/\\\/schema.org\",\"@graph\":[{\"@type\":\"WebPage\",\"@id\":\"https:\\\/\\\/hils.ro\\\/republica\\\/finisaje\\\/\",\"url\":\"https:\\\/\\\/hils.ro\\\/republica\\\/finisaje\\\/\",\"name\":\"Finisaje - Specifica\u021bii tehnice - HILS Republica\",\"isPartOf\":{\"@id\":\"https:\\\/\\\/hils.ro\\\/republica\\\/#website\"},\"primaryImageOfPage\":{\"@id\":\"https:\\\/\\\/hils.ro\\\/republica\\\/finisaje\\\/#primaryimage\"},\"image\":{\"@id\":\"https:\\\/\\\/hils.ro\\\/republica\\\/finisaje\\\/#primaryimage\"},\"thumbnailUrl\":\"https:\\\/\\\/hils.ro\\\/republica\\\/wp-content\\\/uploads\\\/2024\\\/11\\\/Cover-02_REP_EXT_C02.jpg\",\"datePublished\":\"2024-07-02T12:21:19+00:00\",\"dateModified\":\"2026-02-17T13:01:09+00:00\",\"description\":\"Ne \u00eendeplinim misiunea de a-\u021bi oferi un trai de calitate accesibil \u0219i lucr\u0103m cu aten\u021bie la fiecare detaliu al apartamentelor HILS Republica.\",\"breadcrumb\":{\"@id\":\"https:\\\/\\\/hils.ro\\\/republica\\\/finisaje\\\/#breadcrumb\"},\"inLanguage\":\"ro-RO\",\"potentialAction\":[{\"@type\":\"ReadAction\",\"target\":[\"https:\\\/\\\/hils.ro\\\/republica\\\/finisaje\\\/\"]}]},{\"@type\":\"ImageObject\",\"inLanguage\":\"ro-RO\",\"@id\":\"https:\\\/\\\/hils.ro\\\/republica\\\/finisaje\\\/#primaryimage\",\"url\":\"https:\\\/\\\/hils.ro\\\/republica\\\/wp-content\\\/uploads\\\/2024\\\/11\\\/Cover-02_REP_EXT_C02.jpg\",\"contentUrl\":\"https:\\\/\\\/hils.ro\\\/republica\\\/wp-content\\\/uploads\\\/2024\\\/11\\\/Cover-02_REP_EXT_C02.jpg\",\"width\":1920,\"height\":800,\"caption\":\"HILS Republica - ansamblu rezidential in sector 3\"},{\"@type\":\"BreadcrumbList\",\"@id\":\"https:\\\/\\\/hils.ro\\\/republica\\\/finisaje\\\/#breadcrumb\",\"itemListElement\":[{\"@type\":\"ListItem\",\"position\":1,\"name\":\"Home\",\"item\":\"https:\\\/\\\/hils.ro\\\/republica\\\/\"},{\"@type\":\"ListItem\",\"position\":2,\"name\":\"Finisaje &#8211; Specifica\u021bii tehnice\"}]},{\"@type\":\"WebSite\",\"@id\":\"https:\\\/\\\/hils.ro\\\/republica\\\/#website\",\"url\":\"https:\\\/\\\/hils.ro\\\/republica\\\/\",\"name\":\"HILS Republica\",\"description\":\"\",\"publisher\":{\"@id\":\"https:\\\/\\\/hils.ro\\\/republica\\\/#organization\"},\"potentialAction\":[{\"@type\":\"SearchAction\",\"target\":{\"@type\":\"EntryPoint\",\"urlTemplate\":\"https:\\\/\\\/hils.ro\\\/republica\\\/?s={search_term_string}\"},\"query-input\":{\"@type\":\"PropertyValueSpecification\",\"valueRequired\":true,\"valueName\":\"search_term_string\"}}],\"inLanguage\":\"ro-RO\"},{\"@type\":\"Organization\",\"@id\":\"https:\\\/\\\/hils.ro\\\/republica\\\/#organization\",\"name\":\"HILS Republica\",\"url\":\"https:\\\/\\\/hils.ro\\\/republica\\\/\",\"logo\":{\"@type\":\"ImageObject\",\"inLanguage\":\"ro-RO\",\"@id\":\"https:\\\/\\\/hils.ro\\\/republica\\\/#\\\/schema\\\/logo\\\/image\\\/\",\"url\":\"https:\\\/\\\/hils.ro\\\/republica\\\/wp-content\\\/uploads\\\/2025\\\/11\\\/HILS-Republica.svg\",\"contentUrl\":\"https:\\\/\\\/hils.ro\\\/republica\\\/wp-content\\\/uploads\\\/2025\\\/11\\\/HILS-Republica.svg\",\"width\":180,\"height\":60,\"caption\":\"HILS Republica\"},\"image\":{\"@id\":\"https:\\\/\\\/hils.ro\\\/republica\\\/#\\\/schema\\\/logo\\\/image\\\/\"},\"sameAs\":[\"https:\\\/\\\/www.facebook.com\\\/hils.development\\\/\",\"https:\\\/\\\/www.instagram.com\\\/hils.development\",\"https:\\\/\\\/www.youtube.com\\\/@HILSDevelopment\",\"https:\\\/\\\/www.linkedin.com\\\/company\\\/40928572\\\/\",\"https:\\\/\\\/www.tiktok.com\\\/@hils.development\"]}]}<\/script>\n<!-- \/ Yoast SEO plugin. -->","yoast_head_json":{"title":"Finisaje - Specifica\u021bii tehnice - HILS Republica","description":"Ne \u00eendeplinim misiunea de a-\u021bi oferi un trai de calitate accesibil \u0219i lucr\u0103m cu aten\u021bie la fiecare detaliu al apartamentelor HILS Republica.","robots":{"index":"index","follow":"follow","max-snippet":"max-snippet:-1","max-image-preview":"max-image-preview:large","max-video-preview":"max-video-preview:-1"},"canonical":"https:\/\/hils.ro\/republica\/finisaje\/","og_locale":"ro_RO","og_type":"article","og_title":"HILS Republica - Specifica\u021bii tehnice - finisaje","og_description":"Ne \u00eendeplinim misiunea de a-\u021bi oferi un trai de calitate accesibil \u0219i lucr\u0103m cu aten\u021bie la fiecare detaliu al apartamentelor HILS Republica.","og_url":"https:\/\/hils.ro\/republica\/finisaje\/","og_site_name":"HILS Republica","article_publisher":"https:\/\/www.facebook.com\/hils.development\/","article_modified_time":"2026-02-17T13:01:09+00:00","og_image":[{"width":1920,"height":800,"url":"https:\/\/hils.ro\/republica\/wp-content\/uploads\/2024\/11\/3A_Living_02.jpg","type":"image\/jpeg"}],"twitter_card":"summary_large_image","twitter_title":"HILS Republica - Specifica\u021bii tehnice - finisaje","twitter_description":"Ne \u00eendeplinim misiunea de a-\u021bi oferi un trai de calitate accesibil \u0219i lucr\u0103m cu aten\u021bie la fiecare detaliu al apartamentelor HILS Republica.","twitter_image":"https:\/\/hils.ro\/republica\/wp-content\/uploads\/2024\/11\/3A_Living_02.jpg","twitter_misc":{"Timp estimat pentru citire":"1 minut"},"schema":{"@context":"https:\/\/schema.org","@graph":[{"@type":"WebPage","@id":"https:\/\/hils.ro\/republica\/finisaje\/","url":"https:\/\/hils.ro\/republica\/finisaje\/","name":"Finisaje - Specifica\u021bii tehnice - HILS Republica","isPartOf":{"@id":"https:\/\/hils.ro\/republica\/#website"},"primaryImageOfPage":{"@id":"https:\/\/hils.ro\/republica\/finisaje\/#primaryimage"},"image":{"@id":"https:\/\/hils.ro\/republica\/finisaje\/#primaryimage"},"thumbnailUrl":"https:\/\/hils.ro\/republica\/wp-content\/uploads\/2024\/11\/Cover-02_REP_EXT_C02.jpg","datePublished":"2024-07-02T12:21:19+00:00","dateModified":"2026-02-17T13:01:09+00:00","description":"Ne \u00eendeplinim misiunea de a-\u021bi oferi un trai de calitate accesibil \u0219i lucr\u0103m cu aten\u021bie la fiecare detaliu al apartamentelor HILS Republica.","breadcrumb":{"@id":"https:\/\/hils.ro\/republica\/finisaje\/#breadcrumb"},"inLanguage":"ro-RO","potentialAction":[{"@type":"ReadAction","target":["https:\/\/hils.ro\/republica\/finisaje\/"]}]},{"@type":"ImageObject","inLanguage":"ro-RO","@id":"https:\/\/hils.ro\/republica\/finisaje\/#primaryimage","url":"https:\/\/hils.ro\/republica\/wp-content\/uploads\/2024\/11\/Cover-02_REP_EXT_C02.jpg","contentUrl":"https:\/\/hils.ro\/republica\/wp-content\/uploads\/2024\/11\/Cover-02_REP_EXT_C02.jpg","width":1920,"height":800,"caption":"HILS Republica - ansamblu rezidential in sector 3"},{"@type":"BreadcrumbList","@id":"https:\/\/hils.ro\/republica\/finisaje\/#breadcrumb","itemListElement":[{"@type":"ListItem","position":1,"name":"Home","item":"https:\/\/hils.ro\/republica\/"},{"@type":"ListItem","position":2,"name":"Finisaje &#8211; Specifica\u021bii tehnice"}]},{"@type":"WebSite","@id":"https:\/\/hils.ro\/republica\/#website","url":"https:\/\/hils.ro\/republica\/","name":"HILS Republica","description":"","publisher":{"@id":"https:\/\/hils.ro\/republica\/#organization"},"potentialAction":[{"@type":"SearchAction","target":{"@type":"EntryPoint","urlTemplate":"https:\/\/hils.ro\/republica\/?s={search_term_string}"},"query-input":{"@type":"PropertyValueSpecification","valueRequired":true,"valueName":"search_term_string"}}],"inLanguage":"ro-RO"},{"@type":"Organization","@id":"https:\/\/hils.ro\/republica\/#organization","name":"HILS Republica","url":"https:\/\/hils.ro\/republica\/","logo":{"@type":"ImageObject","inLanguage":"ro-RO","@id":"https:\/\/hils.ro\/republica\/#\/schema\/logo\/image\/","url":"https:\/\/hils.ro\/republica\/wp-content\/uploads\/2025\/11\/HILS-Republica.svg","contentUrl":"https:\/\/hils.ro\/republica\/wp-content\/uploads\/2025\/11\/HILS-Republica.svg","width":180,"height":60,"caption":"HILS Republica"},"image":{"@id":"https:\/\/hils.ro\/republica\/#\/schema\/logo\/image\/"},"sameAs":["https:\/\/www.facebook.com\/hils.development\/","https:\/\/www.instagram.com\/hils.development","https:\/\/www.youtube.com\/@HILSDevelopment","https:\/\/www.linkedin.com\/company\/40928572\/","https:\/\/www.tiktok.com\/@hils.development"]}]}},"_links":{"self":[{"href":"https:\/\/hils.ro\/republica\/wp-json\/wp\/v2\/pages\/5764","targetHints":{"allow":["GET"]}}],"collection":[{"href":"https:\/\/hils.ro\/republica\/wp-json\/wp\/v2\/pages"}],"about":[{"href":"https:\/\/hils.ro\/republica\/wp-json\/wp\/v2\/types\/page"}],"author":[{"embeddable":true,"href":"https:\/\/hils.ro\/republica\/wp-json\/wp\/v2\/users\/13"}],"replies":[{"embeddable":true,"href":"https:\/\/hils.ro\/republica\/wp-json\/wp\/v2\/comments?post=5764"}],"version-history":[{"count":37,"href":"https:\/\/hils.ro\/republica\/wp-json\/wp\/v2\/pages\/5764\/revisions"}],"predecessor-version":[{"id":11002,"href":"https:\/\/hils.ro\/republica\/wp-json\/wp\/v2\/pages\/5764\/revisions\/11002"}],"wp:featuredmedia":[{"embeddable":true,"href":"https:\/\/hils.ro\/republica\/wp-json\/wp\/v2\/media\/8956"}],"wp:attachment":[{"href":"https:\/\/hils.ro\/republica\/wp-json\/wp\/v2\/media?parent=5764"}],"curies":[{"name":"wp","href":"https:\/\/api.w.org\/{rel}","templated":true}]}}