{"id":3,"date":"2025-07-23T11:54:02","date_gmt":"2025-07-23T08:54:02","guid":{"rendered":"https:\/\/hils.ro\/?page_id=3"},"modified":"2026-03-04T13:26:30","modified_gmt":"2026-03-04T11:26:30","slug":"termeni-si-conditii","status":"publish","type":"page","link":"https:\/\/hils.ro\/nord\/termeni-si-conditii\/","title":{"rendered":"Termeni \u0219i condi\u021bii de utilizare a website-ului"},"content":{"rendered":"<p>Website-ul https:\/\/www.hils.ro cuprinde 7 subdomenii: https:\/\/hils.ro\/nord\/, https:\/\/hils.ro\/pallady\/, https:\/\/hils.ro\/brauner\/, https:\/\/hils.ro\/splai\/, https:\/\/hils.ro\/sunrise\/, https:\/\/hils.ro\/republica\/ \u0219i https:\/\/hils.ro\/titanium\/.<\/p>\n<p>Ace\u0219ti termeni de utilizare (\u201eTermenii de utilizare\u201d) se aplic\u0103 tuturor utiliz\u0103rilorilor website-ului https:\/\/www.hils.ro \u0219i subdomeniilor sale (\u201eSite-ul\u201d).<\/p>\n<p>Folosirea Site-ului este echivalenta cu citirea, \u00een\u021belegerea \u0219i acceptarea de c\u0103tre utilizator a tuturor termenilor \u0219i condi\u021biilor (\u201dTermeni \u0219i Condi\u021bii\u201d), dar si a tuturor prevederilor \u0219i a politicilor Site-ului, inclusiv Politica de Confiden\u021bialitate \u0219i Politica de Cookies.<\/p>\n<p>Prin navigarea pe site-ul nostru sunte\u021bi de acord cu Termenii \u0219i Condi\u021biile descrise mai jos. Dac\u0103 nu sunte\u021bi de acord cu ace\u0219ti Termeni \u0219i Condi\u021bii sau cu politicile indicate mai sus, v\u0103 rug\u0103m s\u0103 nu utiliza\u021bi Site-ul.<\/p>\n<p><strong>EDIFICIA STAR CONSTRUCT S.R.L<\/strong>. persoan\u0103 juridic\u0103 rom\u00e2n\u0103, cu sediul social \u00een localitatea Bucure\u0219ti, Sectorul 3, B-dul Theodor Pallady nr. 66, av\u00e2nd cod unic de \u00eenregistrare 32264612, \u00eenregistrat\u0103 la Oficiul Registrului Comer\u021bului de pe l\u00e2ng\u0103 Tribunalul Bucure\u0219ti sub nr. J40\/11636\/2013, este proprietar \u015fi administrator al https:\/\/hils.ro\/nord\/, https:\/\/hils.ro\/pallady\/, https:\/\/hils.ro\/sunrise\/ (\u201d<strong>Edificia Star Construct<\/strong>\u201d), <strong>BROOK BUILDING DEVELOPMENT S.R.L.<\/strong> persoan\u0103 juridic\u0103 rom\u00e2n\u0103, cu sediul social \u00een localitatea Bucure\u0219ti, Sectorul 3, B-dul Theodor Pallady nr. 66A, parter, bl. 9, ap. 7, av\u00e2nd cod unic de \u00eenregistrare 34131388, \u00eenregistrat\u0103 la Oficiul Registrului Comer\u021bului de pe l\u00e2ng\u0103 Tribunalul Bucure\u0219ti sub nr. J40\/3832\/2018, este proprietar \u015fi administrator al https:\/\/hils.ro\/splai\/ (\u201d<strong>Brook Building Development<\/strong>\u201d), iar <strong>FUTURE BUSINESS IDEAS S.R.L.<\/strong> persoan\u0103 juridic\u0103 rom\u00e2n\u0103, cu sediul social \u00een localitatea Bucure\u0219ti, Sectorul 3, Strada Traian nr. 55, parter, Camera 011, av\u00e2nd cod unic de \u00eenregistrare 27615512, \u00eenregistrat\u0103 la Oficiul Registrului Comer\u021bului de pe l\u00e2ng\u0103 Tribunalul Bucure\u0219ti sub nr. J40\/207\/2018, este proprietar \u0219i administrator al https:\/\/hils.ro\/republica\/ (\u201d<strong>Future Business Ideas<\/strong>\u201d), iar <strong>VALUE INVESTOR EXPERT S.R.L<\/strong>., persoan\u0103 juridic\u0103 rom\u00e2n\u0103, cu sediul social \u00een Pope\u0219ti-Leordeni, Str. Cheiul Dambovi\u021bei, nr. 2, Tarla 4, Parcela 115\/4, Vila D7, Parter, Camera 1, jud. Ilfov, av\u00e2nd cod unic de \u00eenregistrare 38527858, \u00eenregistrat\u0103 la Oficiul Registrului Comer\u021bului de pe l\u00e2ng\u0103 Tribunalul Bucure\u0219ti sub nr. J23\/5867\/2017, este proprietar \u0219i administrator al https:\/\/hils.ro\/titanium\/ \u0219i https:\/\/hils.ro\/nord\/ (\u201d<strong>Value Investor Expert<\/strong>\u201d).<\/p>\n<p>Edificia Star Construct, Brook Building Development, Future Business Ideas \u0219i Value Investor Expert vor fi denumite \u00een continuare \u00eempreun\u0103 \u201e<strong>Societ\u0103\u021bile HILS<\/strong>\u201d.<\/p>\n<p>Societ\u0103\u021bile HILS vor face toate eforturile rezonabile pentru a asigura acurate\u021bea \u0219i \u00eencrederea \u00een Site \u0219i vor \u00eencerca s\u0103 corecteze erorile \u0219i omisiunile c\u00e2t mai repede posibil. Societ\u0103\u021bile HILS nu \u00ee\u0219i asum\u0103 responsabilitatea pentru inadverten\u021be, erori sau omisiuni \u00een cadrul informa\u021biilor furnizate. \u00cen mod expres, utilizatorii sunt de acord c\u0103 Societ\u0103\u021bile HILS nu vor fi responsabile pentru niciun fel de daune directe, indirecte, minore, speciale, de importan\u021b\u0103 major\u0103 sau incidentale, incluz\u00e2nd, dar f\u0103r\u0103 a se limita \u00eens\u0103 la pierderi de profit, v\u0103d comercial sau alte pierderi intangibile, rezultate din utilizarea informa\u021biilor de pe acest Site sau orice alt aspect rela\u021bionat acestui Site.<\/p>\n<h3>Articolul 1. Utilizarea Site-ului<\/h3>\n<p>1.1 Societ\u0103\u021bile HILS depun toate eforturile pentru a asigura SIte-ul \u00eempotriva pierderii de date \u0219i\/sau \u00eempotriva oric\u0103rei forme de utilizare ilegal\u0103 \u0219i iau m\u0103surile tehnice \u0219i organiza\u021bionale adecvate \u00een acest sens.<\/p>\n<p>1.2 Societ\u0103\u021bile HILS nu pot garanta c\u0103 SIte-ul (\u0219i serviciile conexe) va satisface \u00eentotdeauna a\u0219tept\u0103rile utilizatorilor. Societ\u0103\u021bile HILS nu pot garanta c\u0103 SIte-ul func\u021bioneaz\u0103 f\u0103r\u0103 erori \u0219i\/sau c\u0103 accesul este \u00eentodeauna continuu \u0219i\/sau \u00een siguran\u021ba pe Site sau la p\u0103r\u021bi ale acesteia<\/p>\n<p>1.3 Utilizatorilor le este interzis s\u0103 reproduc\u0103 SIte-ul sau orice parte a acesteia sau s\u0103 o pun\u0103 la dispozi\u021bie f\u0103r\u0103 permisiunea prealabil\u0103 \u00een scris de la Societ\u0103\u021bile HILS.<\/p>\n<p>1.4 Societ\u0103\u021bile HILS de\u021bin drepturile de autor \u0219i toate celelalte drepturi de proprietate intelectual\u0103 cu privire la Site incluz\u00e2nd, dar nelimit\u00e2nd-se, la logo-uri, reprezent\u0103ri stilizate, simboluri comerciale, imagini statice, imagini dinamice, text \u0219i\/sau con\u021binut multimedia, iar utilizatorii nu vor disputa sau contesta, direct sau indirect, \u00een timpul desf\u0103\u0219ur\u0103rii rela\u021biilor contractuale \u0219i dup\u0103 \u00eencetarea contractului, oricare din aceste drepturi ale Societ\u0103\u021bilor HILS \u0219i nici validitatea acestora.<\/p>\n<p>1.5 Utilizatorii nu vor \u00eenregistra la nicio institu\u021bie\/autoritate\/organism na\u021bional sau interna\u021bional, \u00een mod direct sau indirect, sub nicio circumstan\u021b\u0103, f\u0103r\u0103 aprobarea expres\u0103 prealabil\u0103 a Societ\u0103\u021bilor HILS, m\u0103rci, denumiri, domenii de internet, firme, logo-uri, drepturi de autor sau orice alte drepturi de proprietate intelectual\u0103, precum \u0219i orice alte derivate ale acestora de\u021binute de Societ\u0103\u021bilor HILS sau ter\u021be p\u0103r\u021bi care au acordat Societ\u0103\u021bilor HILS o licen\u021b\u0103 de utilizare. Aceast\u0103 obliga\u021bie este esen\u021bial\u0103, astfel \u00eenc\u00e2t, \u00een caz de \u00eenc\u0103lcare a acesteia de c\u0103tre un utilizator sau ter\u021b\u0103 parte, oricare dintre ace\u0219tia va transfera sau cesiona imediat c\u0103tre Societ\u0103\u021bilor HILS drepturile derivate din aceast\u0103 \u00eenregistrare \u0219i va pl\u0103ti eventualele daune cauzate Societ\u0103\u021bilor HILS.<\/p>\n<p>1.6 Societ\u0103\u021bile HILS nu sunt responsabile pentru pierderea de date, daunele aduse fi\u0219ierelor, accesul ilegal la calculatoare sau fi\u0219iere, viru\u0219ii sau alte programe sau fi\u0219iere ilegale r\u0103sp\u00e2ndite prin intermediul Site-ul sau orice alt\u0103 consecin\u021b\u0103 a utiliz\u0103rii Site-ului<\/p>\n<p>1.7 Utilizatorului nu \u00eei este permis s\u0103 afi\u0219eze linkuri pe Site.<\/p>\n<p>1.8 Dup\u0103 cum am men\u021bionat, toate drepturile de proprietate intelectual\u0103 referitoare Site, inclusiv dezvoltarea acestora, apar\u021bin exclusiv Societ\u0103\u021bilor HILS. Prin urmare, utilizatorul are doar un drept limitat, neexclusiv, ne(sub)licen\u021biat \u0219i ne-transferabil de a folosi SIte-ul. Dreptul utilizatorului de a folosi SIte-ul poate fi reziliat\/retras\/anulat de Societ\u0103\u021bile HILS \u00een orice moment. Societ\u0103\u021bile HILS poate, de asemenea, stabili condi\u021bii suplimentare pentru dreptul de utilizare al utilizatorului.<\/p>\n<p>1.9 SIte-ul \u0219i toate func\u021bionalit\u0103\u021bile aplicabile sunt oferite &#8222;a\u0219a cum sunt&#8221;. Societ\u0103\u021bile HILS nu ofer\u0103 nicio garan\u021bie cu privire la conservarea sau natura neschimbat\u0103 a anumitor func\u021bionalit\u0103\u021bi ale Site-ului. Societ\u0103\u021bile HILS vor remedia orice defecte \u00een ceea ce prive\u0219te SIte-ul c\u00e2t mai cur\u00e2nd posibil. Societ\u0103\u021bile HILS au \u00een orice moment dreptul, f\u0103r\u0103 notificare prealabil\u0103, s\u0103 limiteze accesul la Site, \u00een m\u0103sura \u00een care acest lucru este necesar pentru \u00eentre\u021binere sau pentru a implementa actualiz\u0103ri.<\/p>\n<p>1.10 Societ\u0103\u021bile HILS nu au obliga\u021bia general\u0103 de a monitoriza con\u021binutul\/mesajele postate\/transmise de utilizatori pentru legalitate sau compatibilitate cu drepturile ter\u021bilor, termenii \u0219i condi\u021biilor sau politicile Societ\u0103\u021bile HILS. Totu\u0219i, Societ\u0103\u021bile HILS au dreptul s\u0103 efectueze verific\u0103ri voluntare din proprie ini\u021biativ\u0103 pentru a detecta con\u021binutul ilegal sau \u00eenc\u0103lc\u0103tor, s\u0103 \u00eel determine \u0219i s\u0103 ia m\u0103suri adecvate \u00een conformitate cuprevederile legale aplicabile .<\/p>\n<h3>Articolul 2. Responsabilit\u0103\u021bi<\/h3>\n<p>2.1 \u00cen m\u0103sura permis\u0103 de lege, Societ\u0103\u021bile HILS nu sunt responsabile pentru orice daune directe, indirecte sau de alt\u0103 natur\u0103, inclusiv pierderi de profit, pierderi de economii sau pierderi de oportunit\u0103\u021bi, rezult\u00e2nd din utilizarea sau imposibilitatea utiliz\u0103rii Site-ului \u0219i a oric\u0103ror func\u021bionalit\u0103\u021bi asociate acestuia, fie ca urmare a unei infrac\u021biuni, contract, neglijen\u021b\u0103 sau altfel. \u00cen cazul \u00een care Societ\u0103\u021bile HILS sunt r\u0103spunz\u0103toare, r\u0103spunderea Societ\u0103\u021bile HILS va fi \u00een orice caz limitat\u0103 la prejudiciul efectiv.<\/p>\n<p>2.2 Orice drept al utilizatorului de a ob\u021bine daune de la Societ\u0103\u021bile HILS \u00een conformitate cu ace\u0219ti Termeni de utilizare expir\u0103 \u00een orice caz la 3 (trei) luni dup\u0103 data la care a ap\u0103rut prejudiciul.<\/p>\n<p>2.3 Prin utilizarea Site-ului, utilizatorul \u00ee\u0219i exprim\u0103 acordul s\u0103 desp\u0103gubeasc\u0103, Societ\u0103\u021bile HILS find exonerate de r\u0103spundere, inclusiv orice angajat, director sau administrator al lor, \u00een leg\u0103tur\u0103 cu orice \u00eenc\u0103lcare a Termenilor de utilizare pe care utilizatorul o s\u0103v\u00e2r\u0219e\u0219te, ca \u0219i \u00een leg\u0103tur\u0103 cu orice preten\u021bie sau cerere \u00eempotriva Societ\u0103\u021bilor HILS, inclusiv a angaja\u021bilor, directorilor sau administratorilor acestora f\u0103cut\u0103 de c\u0103tre o ter\u021b\u0103 parte \u0219i care decurge din utilizarea neconform\u0103 de c\u0103tre orice utilizator a Site-ului, incluz\u00e2nd, f\u0103r\u0103 limitare, toate cererile, ac\u021biunile, procedurile, pierderile, daunele-interese, costurile, cheltuielile (inclusiv costurile rezonabile \u0219i cheltuieli legale), oricum ar fi suferite sau suportate de c\u0103tre Societ\u0103\u021bil HILS.<\/p>\n<h3>Articolul 3. Procedura de rezolvare a reclama\u021biilor<\/h3>\n<p>3.1 Orice nemul\u021bumire\/problem\u0103 legat\u0103 de accesarea \u0219i utilizarea Site-ul nostru, ne va fi comunicat\u0103 direct, fie telefonic la num\u0103rul afi\u0219at pe Site, fie prin e-mail la adresa marketing@hils.ro.<\/p>\n<p>3.2 Nemul\u021bumirea\/problema dvs. va fi \u00eenregistrat\u0103 \u0219i ve\u021bi primi un r\u0103spuns \u00een scris, pe adresa de e-mail men\u021bionat\u0103 cu ocazia aducerii la cuno\u0219tin\u021ba noastr\u0103 a acesteia, \u00een termen de cel mult 14 zile lucr\u0103toare.<\/p>\n<p>3.3 Utilizatorii declar\u0103 c\u0103 sunt de acord s\u0103 nu fac\u0103 publice aceste nemul\u021bumiri (pe re\u021belele de socializare, media, discu\u021bii la petreceri private sau \u00een orice alt\u0103 modalitate) sub rezerva suport\u0103rii daunelor cauzate pentru prejudiciul de imagine adus Societ\u0103\u021bilor HILS prin aceste ac\u021biuni.<\/p>\n<h3>Articolul 4. Legea aplicabil\u0103 \u0219i instan\u021ba de judecat\u0103<\/h3>\n<p>4.1 Ace\u0219ti Termeni de utilizare vor fi guverna\u021bi \u0219i interpreta\u021bi \u00een conformitate cu legile din Romania, iar orice dispute sau litigii dintre p\u0103r\u021bi \u00een leg\u0103tur\u0103 cu acesta vor fi solu\u021bionate pe cale amiabil\u0103, iar dac\u0103 acest lucru nu este posibil de c\u0103tre de instan\u021bele judec\u0103tore\u0219ti competente din Bucure\u0219ti.<\/p>\n<h3>Articolul 5. Legea Nulitate. For\u021b\u0103 Major\u0103 \u0219i Caz Fortuit<\/h3>\n<p>5.1 Daca oricare dintre clauzele acestor Termeni de utilizare va fi declarat\u0103 de c\u0103tre o instan\u021b\u0103 competenta ca invalida, ilegala sau inaplicabila din orice motiv, respectiva clauza (orice termen\/condi\u021bie) va fi \u00eenl\u0103turat(\u0103) iar restul clauzelor (termenilor \u0219i condi\u021biilor) vor r\u0103m\u00e2ne \u00een vigoare, continu\u00e2nd s\u0103 produc\u0103 efecte, fiind obligatorii \u0219i executorii. \u00cen cazul unei astfel de nulit\u0103\u021bi, clauzele, termenii \u0219i\/sau condi\u021biile anulate vor fi \u00eenlocui\u021bi\/\u00eenlocuite cu al\u021bii\/altele adecvate \u00een termen de 10 (zece) zile lucr\u0103toare de la data la care hot\u0103r\u00e2rea judec\u0103toreasc\u0103 de declarare a nulit\u0103\u021bii produce efecte juridice.<\/p>\n<p>5.2 Societp\u021bile HILS nu sunt r\u0103spunz\u0103toare fa\u021b\u0103 de utilizator pentru ne\u00eendeplinirea oric\u0103rei obliga\u021bii \u00een caz de for\u021b\u0103 major\u0103\/caz fortuit \u0219i \u00een general \u00een cazul unui eveniment care este dincolo de controlul sau, c\u00e2t \u0219i pentru operarea \u0219i conexiunea altor re\u021bele na\u021bionale sau str\u0103ine \u0219i pentru activit\u0103\u021bile \u0219i ac\u021biunile lor \u00een general.<\/p>\n<p>5.3 Caz de for\u021b\u0103 major\u0103\/de caz fortuit poate fi, de exemplu dar nu limitativ: masuri legale \u00een situa\u021bii de greva, de asemenea \u0219i atunci c\u00e2nd survin \u00een cadrul unor companii ter\u021be, m\u0103suri oficiale luate de autorit\u0103\u021bi, defec\u021biunea re\u021belelor de comunica\u021bii \u0219i a portalurilor altor furnizori, perturb\u0103ri privitoare la operatorii de re\u021bea \u0219i alte defec\u021biuni, de asemenea \u00een cazul \u00een care astfel de evenimente survin la nivel de subcontractan\u021bi, sub-furnizori \u0219i subcontractan\u021bii acestora, stare de r\u0103zboi (fie declarat sau nu), conflict armat, revolu\u021bie, insurec\u021bie, ac\u021biuni sau amenin\u021b\u0103ri militare sau teroriste, sabotaj, tulbur\u0103ri civile, greve sau alte ac\u021biuni \u00een c\u00e2mpul muncii, legi, regulamente, decizii sau directive, catastrofe naturale, cutremur, incendiu, explozie, tulbur\u0103ri solare sau meteorologice, urgen\u021be publice, pandemie, m\u0103suri luate ca urmare a instituirii st\u0103rii de urgen\u021b\u0103 sau de alert\u0103 de c\u0103tre autorit\u0103\u021bile din Rom\u00e2nia\/alte state sau orice alt\u0103 \u00eent\u00e2mplare, care este dincolo de controlul b\u0103ncii.<\/p>\n<p>5.4 Daca \u00een termen de 15 (cincisprezece) zile de la data producerii evenimentului de for\u021b\u0103 major\u0103\/caz fortuit, respectivul eveniment nu \u00eenceteaz\u0103, fiecare parte va avea dreptul s\u0103 notifice celeilalte p\u0103r\u021bi \u00eencetarea de plin drept a contractului f\u0103r\u0103 ca vreuna dintre ele s\u0103 poat\u0103 pretinde celeilalte alte daune-interese.<\/p>\n<h3>Articolul 6. Modificarea \u0219i actualizarea termenilor si condi\u021biilor<\/h3>\n<p>6.1 Societ\u0103\u021bile HILS \u00ee\u0219i rezerv\u0103 dreptul de a modifica periodic Termenii de utilizare precum \u0219i orice al\u021bi termeni \u0219i condi\u021bii speciali afi\u0219a\u021bi pe Site. Modific\u0103rile vor intra \u00een vigoare \u00een momentul \u00een care Societ\u0103\u021bile HILS public\u0103 respectivele condi\u021bii actualizate pe Site. Accesarea \u00een continuare a Site-ului constituie acordul utilizatorului de a respecta condi\u021biile modificate.<\/p>\n<p>6.2 Men\u021bion\u0103m c\u0103 persoanele fizice beneficiare a serviciilor Societ\u0103\u021bii HILS, \u00een calitate de consumatori, au dreptul de a informa Autoritatea Na\u021bional\u0103 pentru Protec\u021bia Consumatorilor (\u201dANPC\u201d) despre eventualele nemul\u021bumiri la adresa serviciilor noastre, reg\u0103sind datele ANPC pe site-ul https:\/\/anpc.ro\/.<\/p>\n","protected":false},"excerpt":{"rendered":"<p>Website-ul https:\/\/www.hils.ro cuprinde 7 subdomenii: https:\/\/hils.ro\/nord\/, https:\/\/hils.ro\/pallady\/, https:\/\/hils.ro\/brauner\/, https:\/\/hils.ro\/splai\/, https:\/\/hils.ro\/sunrise\/, https:\/\/hils.ro\/republica\/ \u0219i https:\/\/hils.ro\/titanium\/. Ace\u0219ti termeni de utilizare (\u201eTermenii de utilizare\u201d) se aplic\u0103 tuturor utiliz\u0103rilorilor website-ului https:\/\/www.hils.ro \u0219i subdomeniilor sale (\u201eSite-ul\u201d). Folosirea Site-ului este echivalenta cu citirea, \u00een\u021belegerea \u0219i acceptarea de [&hellip;]<\/p>\n","protected":false},"author":11,"featured_media":11906,"parent":0,"menu_order":0,"comment_status":"closed","ping_status":"closed","template":"","meta":{"_acf_changed":false,"inline_featured_image":false,"footnotes":""},"class_list":["post-3","page","type-page","status-publish","has-post-thumbnail","hentry"],"acf":[],"_links":{"self":[{"href":"https:\/\/hils.ro\/nord\/wp-json\/wp\/v2\/pages\/3","targetHints":{"allow":["GET"]}}],"collection":[{"href":"https:\/\/hils.ro\/nord\/wp-json\/wp\/v2\/pages"}],"about":[{"href":"https:\/\/hils.ro\/nord\/wp-json\/wp\/v2\/types\/page"}],"author":[{"embeddable":true,"href":"https:\/\/hils.ro\/nord\/wp-json\/wp\/v2\/users\/11"}],"replies":[{"embeddable":true,"href":"https:\/\/hils.ro\/nord\/wp-json\/wp\/v2\/comments?post=3"}],"version-history":[{"count":1,"href":"https:\/\/hils.ro\/nord\/wp-json\/wp\/v2\/pages\/3\/revisions"}],"predecessor-version":[{"id":12813,"href":"https:\/\/hils.ro\/nord\/wp-json\/wp\/v2\/pages\/3\/revisions\/12813"}],"wp:featuredmedia":[{"embeddable":true,"href":"https:\/\/hils.ro\/nord\/wp-json\/wp\/v2\/media\/11906"}],"wp:attachment":[{"href":"https:\/\/hils.ro\/nord\/wp-json\/wp\/v2\/media?parent=3"}],"curies":[{"name":"wp","href":"https:\/\/api.w.org\/{rel}","templated":true}]}}