{"id":5764,"date":"2024-07-02T15:21:19","date_gmt":"2024-07-02T12:21:19","guid":{"rendered":"https:\/\/www.hils.ro\/brauner\/?page_id=5764"},"modified":"2026-03-17T15:43:51","modified_gmt":"2026-03-17T13:43:51","slug":"finisaje","status":"publish","type":"page","link":"https:\/\/hils.ro\/brauner\/finisaje\/","title":{"rendered":"Finisaje &#8211; Specifica\u021bii tehnice"},"content":{"rendered":"<h1>Specifica\u021bii tehnice<\/h1>\n<p>Colabor\u0103m cu furnizori pricepu\u021bi \u0219i alegem materiale de \u00eenalt\u0103 calitate astfel \u00eenc\u00e2t s\u0103 \u00ee\u021bi cre\u0103m confortul necesar \u00een viitorul t\u0103u apartament.<\/p>\n<div class=\"cta_hero\"><a class=\"vezi_apartamente\" style=\"color: #fff;\" href=\"https:\/\/hils.ro\/brauner\/apartamente-sector-3\">VEZI APARTAMENTELE<\/a> <\/div>\n","protected":false},"excerpt":{"rendered":"<p>Specifica\u021bii tehnice Colabor\u0103m cu furnizori pricepu\u021bi \u0219i alegem materiale de \u00eenalt\u0103 calitate astfel \u00eenc\u00e2t s\u0103 \u00ee\u021bi cre\u0103m confortul necesar \u00een viitorul t\u0103u apartament. VEZI APARTAMENTELE<\/p>\n","protected":false},"author":13,"featured_media":8445,"parent":0,"menu_order":0,"comment_status":"closed","ping_status":"closed","template":"template-specificatii.php","meta":{"_acf_changed":false,"inline_featured_image":false,"footnotes":""},"class_list":["post-5764","page","type-page","status-publish","has-post-thumbnail","hentry"],"acf":[],"yoast_head":"<!-- This site is optimized with the Yoast SEO plugin v27.3 - https:\/\/yoast.com\/product\/yoast-seo-wordpress\/ -->\n<title>Finisaje - Specifica\u021bii tehnice - HILS Brauner<\/title>\n<meta name=\"description\" content=\"La HILS Brauner, colabor\u0103m cu furnizori pricepu\u021bi \u0219i alegem materiale de \u00eenalt\u0103 calitate astfel \u00eenc\u00e2t s\u0103 \u00ee\u021bi cre\u0103m confortul necesar.\" \/>\n<meta name=\"robots\" content=\"index, follow, max-snippet:-1, max-image-preview:large, max-video-preview:-1\" \/>\n<link rel=\"canonical\" href=\"https:\/\/hils.ro\/brauner\/finisaje\/\" \/>\n<meta property=\"og:locale\" content=\"ro_RO\" \/>\n<meta property=\"og:type\" content=\"article\" \/>\n<meta property=\"og:title\" content=\"Finisaje - Specifica\u021bii tehnice - HILS Brauner\" \/>\n<meta property=\"og:description\" content=\"La HILS Brauner, colabor\u0103m cu furnizori pricepu\u021bi \u0219i alegem materiale de \u00eenalt\u0103 calitate astfel \u00eenc\u00e2t s\u0103 \u00ee\u021bi cre\u0103m confortul necesar.\" \/>\n<meta property=\"og:url\" content=\"https:\/\/hils.ro\/brauner\/finisaje\/\" \/>\n<meta property=\"og:site_name\" content=\"HILS Brauner\" \/>\n<meta property=\"article:publisher\" content=\"https:\/\/www.facebook.com\/hils.development\/\" \/>\n<meta property=\"article:modified_time\" content=\"2026-03-17T13:43:51+00:00\" \/>\n<meta property=\"og:image\" content=\"https:\/\/hils.ro\/brauner\/wp-content\/uploads\/2024\/10\/LP_cover_1920x800px-black_stripe_0009_Layer-16-scaled.jpg\" \/>\n\t<meta property=\"og:image:width\" content=\"2560\" \/>\n\t<meta property=\"og:image:height\" content=\"1440\" \/>\n\t<meta property=\"og:image:type\" content=\"image\/jpeg\" \/>\n<meta name=\"twitter:card\" content=\"summary_large_image\" \/>\n<meta name=\"twitter:label1\" content=\"Timp estimat pentru citire\" \/>\n\t<meta name=\"twitter:data1\" content=\"1 minut\" \/>\n<script type=\"application\/ld+json\" class=\"yoast-schema-graph\">{\"@context\":\"https:\\\/\\\/schema.org\",\"@graph\":[{\"@type\":\"WebPage\",\"@id\":\"https:\\\/\\\/hils.ro\\\/brauner\\\/finisaje\\\/\",\"url\":\"https:\\\/\\\/hils.ro\\\/brauner\\\/finisaje\\\/\",\"name\":\"Finisaje - Specifica\u021bii tehnice - HILS Brauner\",\"isPartOf\":{\"@id\":\"https:\\\/\\\/hils.ro\\\/brauner\\\/#website\"},\"primaryImageOfPage\":{\"@id\":\"https:\\\/\\\/hils.ro\\\/brauner\\\/finisaje\\\/#primaryimage\"},\"image\":{\"@id\":\"https:\\\/\\\/hils.ro\\\/brauner\\\/finisaje\\\/#primaryimage\"},\"thumbnailUrl\":\"https:\\\/\\\/hils.ro\\\/brauner\\\/wp-content\\\/uploads\\\/2024\\\/10\\\/LP_cover_1920x800px-black_stripe_0009_Layer-16-scaled.jpg\",\"datePublished\":\"2024-07-02T12:21:19+00:00\",\"dateModified\":\"2026-03-17T13:43:51+00:00\",\"description\":\"La HILS Brauner, colabor\u0103m cu furnizori pricepu\u021bi \u0219i alegem materiale de \u00eenalt\u0103 calitate astfel \u00eenc\u00e2t s\u0103 \u00ee\u021bi cre\u0103m confortul necesar.\",\"breadcrumb\":{\"@id\":\"https:\\\/\\\/hils.ro\\\/brauner\\\/finisaje\\\/#breadcrumb\"},\"inLanguage\":\"ro-RO\",\"potentialAction\":[{\"@type\":\"ReadAction\",\"target\":[\"https:\\\/\\\/hils.ro\\\/brauner\\\/finisaje\\\/\"]}]},{\"@type\":\"ImageObject\",\"inLanguage\":\"ro-RO\",\"@id\":\"https:\\\/\\\/hils.ro\\\/brauner\\\/finisaje\\\/#primaryimage\",\"url\":\"https:\\\/\\\/hils.ro\\\/brauner\\\/wp-content\\\/uploads\\\/2024\\\/10\\\/LP_cover_1920x800px-black_stripe_0009_Layer-16-scaled.jpg\",\"contentUrl\":\"https:\\\/\\\/hils.ro\\\/brauner\\\/wp-content\\\/uploads\\\/2024\\\/10\\\/LP_cover_1920x800px-black_stripe_0009_Layer-16-scaled.jpg\",\"width\":2560,\"height\":1440,\"caption\":\"HILS Brauner -ansamblu rezidential zona Pallady\"},{\"@type\":\"BreadcrumbList\",\"@id\":\"https:\\\/\\\/hils.ro\\\/brauner\\\/finisaje\\\/#breadcrumb\",\"itemListElement\":[{\"@type\":\"ListItem\",\"position\":1,\"name\":\"Home\",\"item\":\"https:\\\/\\\/hils.ro\\\/brauner\\\/\"},{\"@type\":\"ListItem\",\"position\":2,\"name\":\"Finisaje &#8211; Specifica\u021bii tehnice\"}]},{\"@type\":\"WebSite\",\"@id\":\"https:\\\/\\\/hils.ro\\\/brauner\\\/#website\",\"url\":\"https:\\\/\\\/hils.ro\\\/brauner\\\/\",\"name\":\"HILS Brauner\",\"description\":\"Apartamente noi sector 3 HILS Brauner, zona Pallady\",\"publisher\":{\"@id\":\"https:\\\/\\\/hils.ro\\\/brauner\\\/#organization\"},\"potentialAction\":[{\"@type\":\"SearchAction\",\"target\":{\"@type\":\"EntryPoint\",\"urlTemplate\":\"https:\\\/\\\/hils.ro\\\/brauner\\\/?s={search_term_string}\"},\"query-input\":{\"@type\":\"PropertyValueSpecification\",\"valueRequired\":true,\"valueName\":\"search_term_string\"}}],\"inLanguage\":\"ro-RO\"},{\"@type\":\"Organization\",\"@id\":\"https:\\\/\\\/hils.ro\\\/brauner\\\/#organization\",\"name\":\"HILS Brauner\",\"url\":\"https:\\\/\\\/hils.ro\\\/brauner\\\/\",\"logo\":{\"@type\":\"ImageObject\",\"inLanguage\":\"ro-RO\",\"@id\":\"https:\\\/\\\/hils.ro\\\/brauner\\\/#\\\/schema\\\/logo\\\/image\\\/\",\"url\":\"https:\\\/\\\/hils.ro\\\/brauner\\\/wp-content\\\/uploads\\\/2025\\\/11\\\/HILS-Brauner.svg\",\"contentUrl\":\"https:\\\/\\\/hils.ro\\\/brauner\\\/wp-content\\\/uploads\\\/2025\\\/11\\\/HILS-Brauner.svg\",\"width\":180,\"height\":60,\"caption\":\"HILS Brauner\"},\"image\":{\"@id\":\"https:\\\/\\\/hils.ro\\\/brauner\\\/#\\\/schema\\\/logo\\\/image\\\/\"},\"sameAs\":[\"https:\\\/\\\/www.facebook.com\\\/hils.development\\\/\"]}]}<\/script>\n<!-- \/ Yoast SEO plugin. -->","yoast_head_json":{"title":"Finisaje - Specifica\u021bii tehnice - HILS Brauner","description":"La HILS Brauner, colabor\u0103m cu furnizori pricepu\u021bi \u0219i alegem materiale de \u00eenalt\u0103 calitate astfel \u00eenc\u00e2t s\u0103 \u00ee\u021bi cre\u0103m confortul necesar.","robots":{"index":"index","follow":"follow","max-snippet":"max-snippet:-1","max-image-preview":"max-image-preview:large","max-video-preview":"max-video-preview:-1"},"canonical":"https:\/\/hils.ro\/brauner\/finisaje\/","og_locale":"ro_RO","og_type":"article","og_title":"Finisaje - Specifica\u021bii tehnice - HILS Brauner","og_description":"La HILS Brauner, colabor\u0103m cu furnizori pricepu\u021bi \u0219i alegem materiale de \u00eenalt\u0103 calitate astfel \u00eenc\u00e2t s\u0103 \u00ee\u021bi cre\u0103m confortul necesar.","og_url":"https:\/\/hils.ro\/brauner\/finisaje\/","og_site_name":"HILS Brauner","article_publisher":"https:\/\/www.facebook.com\/hils.development\/","article_modified_time":"2026-03-17T13:43:51+00:00","og_image":[{"width":2560,"height":1440,"url":"https:\/\/hils.ro\/brauner\/wp-content\/uploads\/2024\/10\/LP_cover_1920x800px-black_stripe_0009_Layer-16-scaled.jpg","type":"image\/jpeg"}],"twitter_card":"summary_large_image","twitter_misc":{"Timp estimat pentru citire":"1 minut"},"schema":{"@context":"https:\/\/schema.org","@graph":[{"@type":"WebPage","@id":"https:\/\/hils.ro\/brauner\/finisaje\/","url":"https:\/\/hils.ro\/brauner\/finisaje\/","name":"Finisaje - Specifica\u021bii tehnice - HILS Brauner","isPartOf":{"@id":"https:\/\/hils.ro\/brauner\/#website"},"primaryImageOfPage":{"@id":"https:\/\/hils.ro\/brauner\/finisaje\/#primaryimage"},"image":{"@id":"https:\/\/hils.ro\/brauner\/finisaje\/#primaryimage"},"thumbnailUrl":"https:\/\/hils.ro\/brauner\/wp-content\/uploads\/2024\/10\/LP_cover_1920x800px-black_stripe_0009_Layer-16-scaled.jpg","datePublished":"2024-07-02T12:21:19+00:00","dateModified":"2026-03-17T13:43:51+00:00","description":"La HILS Brauner, colabor\u0103m cu furnizori pricepu\u021bi \u0219i alegem materiale de \u00eenalt\u0103 calitate astfel \u00eenc\u00e2t s\u0103 \u00ee\u021bi cre\u0103m confortul necesar.","breadcrumb":{"@id":"https:\/\/hils.ro\/brauner\/finisaje\/#breadcrumb"},"inLanguage":"ro-RO","potentialAction":[{"@type":"ReadAction","target":["https:\/\/hils.ro\/brauner\/finisaje\/"]}]},{"@type":"ImageObject","inLanguage":"ro-RO","@id":"https:\/\/hils.ro\/brauner\/finisaje\/#primaryimage","url":"https:\/\/hils.ro\/brauner\/wp-content\/uploads\/2024\/10\/LP_cover_1920x800px-black_stripe_0009_Layer-16-scaled.jpg","contentUrl":"https:\/\/hils.ro\/brauner\/wp-content\/uploads\/2024\/10\/LP_cover_1920x800px-black_stripe_0009_Layer-16-scaled.jpg","width":2560,"height":1440,"caption":"HILS Brauner -ansamblu rezidential zona Pallady"},{"@type":"BreadcrumbList","@id":"https:\/\/hils.ro\/brauner\/finisaje\/#breadcrumb","itemListElement":[{"@type":"ListItem","position":1,"name":"Home","item":"https:\/\/hils.ro\/brauner\/"},{"@type":"ListItem","position":2,"name":"Finisaje &#8211; Specifica\u021bii tehnice"}]},{"@type":"WebSite","@id":"https:\/\/hils.ro\/brauner\/#website","url":"https:\/\/hils.ro\/brauner\/","name":"HILS Brauner","description":"Apartamente noi sector 3 HILS Brauner, zona Pallady","publisher":{"@id":"https:\/\/hils.ro\/brauner\/#organization"},"potentialAction":[{"@type":"SearchAction","target":{"@type":"EntryPoint","urlTemplate":"https:\/\/hils.ro\/brauner\/?s={search_term_string}"},"query-input":{"@type":"PropertyValueSpecification","valueRequired":true,"valueName":"search_term_string"}}],"inLanguage":"ro-RO"},{"@type":"Organization","@id":"https:\/\/hils.ro\/brauner\/#organization","name":"HILS Brauner","url":"https:\/\/hils.ro\/brauner\/","logo":{"@type":"ImageObject","inLanguage":"ro-RO","@id":"https:\/\/hils.ro\/brauner\/#\/schema\/logo\/image\/","url":"https:\/\/hils.ro\/brauner\/wp-content\/uploads\/2025\/11\/HILS-Brauner.svg","contentUrl":"https:\/\/hils.ro\/brauner\/wp-content\/uploads\/2025\/11\/HILS-Brauner.svg","width":180,"height":60,"caption":"HILS Brauner"},"image":{"@id":"https:\/\/hils.ro\/brauner\/#\/schema\/logo\/image\/"},"sameAs":["https:\/\/www.facebook.com\/hils.development\/"]}]}},"_links":{"self":[{"href":"https:\/\/hils.ro\/brauner\/wp-json\/wp\/v2\/pages\/5764","targetHints":{"allow":["GET"]}}],"collection":[{"href":"https:\/\/hils.ro\/brauner\/wp-json\/wp\/v2\/pages"}],"about":[{"href":"https:\/\/hils.ro\/brauner\/wp-json\/wp\/v2\/types\/page"}],"author":[{"embeddable":true,"href":"https:\/\/hils.ro\/brauner\/wp-json\/wp\/v2\/users\/13"}],"replies":[{"embeddable":true,"href":"https:\/\/hils.ro\/brauner\/wp-json\/wp\/v2\/comments?post=5764"}],"version-history":[{"count":11,"href":"https:\/\/hils.ro\/brauner\/wp-json\/wp\/v2\/pages\/5764\/revisions"}],"predecessor-version":[{"id":9314,"href":"https:\/\/hils.ro\/brauner\/wp-json\/wp\/v2\/pages\/5764\/revisions\/9314"}],"wp:featuredmedia":[{"embeddable":true,"href":"https:\/\/hils.ro\/brauner\/wp-json\/wp\/v2\/media\/8445"}],"wp:attachment":[{"href":"https:\/\/hils.ro\/brauner\/wp-json\/wp\/v2\/media?parent=5764"}],"curies":[{"name":"wp","href":"https:\/\/api.w.org\/{rel}","templated":true}]}}